{"id":13516,"date":"2021-05-11T16:45:26","date_gmt":"2021-05-11T16:45:26","guid":{"rendered":"https:\/\/aquaconsult.ee\/?page_id=13516"},"modified":"2022-06-12T12:29:51","modified_gmt":"2022-06-12T12:29:51","slug":"ettevottest","status":"publish","type":"page","link":"https:\/\/aquaconsult.ee\/en\/ettevottest\/","title":{"rendered":"Introduction"},"content":{"rendered":"<div class=\"vc_row wpb_row vc_row-fluid vc_row_visible\"><div class=\"wpb_column vc_column_container vc_col-sm-12 text-left\"><div class=\"vc_column-inner\"><div class=\"wpb_wrapper\">\n\t<div class=\"wpb_text_column wpb_content_element\" >\n\t\t<div class=\"wpb_wrapper\">\n\t\t\t<p class=\"p1\"><span class=\"s1\"><strong>  Aqua consult baltic<\/strong> is an independent environmental engineering design and consultancy company with specialisation to municipal and industrial wastewater treatment technology. <\/span>We are dedicated to offer reliable wastewater treatment technologies to our clients.<span class=\"Apple-converted-space\">\u00a0<\/span><\/p>\n<p class=\"p2\">The main business area of the company is consulting, designing and project management for wastewater, drinking water and water-based technological processes. Although, our primary focus is the development of wastewater technologies, we have also competence in complementary technologies like sludge treatment, biogas and\/or drying, biogas production and water purification, stormwater management, waste air treatment and optimisation of energy management.<span class=\"Apple-converted-space\">\u00a0<\/span><\/p>\n\n\t\t<\/div>\n\t<\/div>\n<\/div><\/div><\/div><\/div><div class=\"vc_row wpb_row vc_row-fluid vc_row_visible\"><div class=\"wpb_column vc_column_container vc_col-sm-12 text-left\"><div class=\"vc_column-inner\"><div class=\"wpb_wrapper\"><div class=\"d-inline-block\" ><div class=\"vc_custom_1655036987142   text-left d-inline-block  w-100 rounded-0\"  ><img loading=\"lazy\" decoding=\"async\" class=\"card-img2 pix-img-elem rounded-0  h-1002\" style=\"height:auto;\" width=\"1711\" height=\"1080\" srcset=\"https:\/\/aquaconsult.ee\/wp-content\/uploads\/2022\/06\/output-onlinepngtools-1.png 1711w, https:\/\/aquaconsult.ee\/wp-content\/uploads\/2022\/06\/output-onlinepngtools-1-300x189.png 300w, https:\/\/aquaconsult.ee\/wp-content\/uploads\/2022\/06\/output-onlinepngtools-1-1024x646.png 1024w, https:\/\/aquaconsult.ee\/wp-content\/uploads\/2022\/06\/output-onlinepngtools-1-768x485.png 768w, https:\/\/aquaconsult.ee\/wp-content\/uploads\/2022\/06\/output-onlinepngtools-1-1536x970.png 1536w, https:\/\/aquaconsult.ee\/wp-content\/uploads\/2022\/06\/output-onlinepngtools-1-16x10.png 16w\" sizes=\"(max-width: 1711px) 100vw, 1711px\" src=\"https:\/\/aquaconsult.ee\/wp-content\/uploads\/2022\/06\/output-onlinepngtools-1.png\" alt=\"\" \/><\/div><\/div>\n\t<div class=\"wpb_text_column wpb_content_element\" >\n\t\t<div class=\"wpb_wrapper\">\n\t\t\t<p class=\"p1\">Our preferred concept for the clients is to offer the full design package, staring from the wastewater studies, pollution load analysis and conceptual technology studies followed by  feasibility analyses and detailed design and eventually be involved with the start-up and optimisation of the wastewater treatment process. In complicated technological issues, studies and at the technology development projects we are in a close collaboration with the researchers from the universities and are always dedicated to solve your wastewater problem in a feasible way with contemporary\/best available  technologies.<span class=\"Apple-converted-space\">\u00a0<\/span><\/p>\n<p class=\"p1\">aqua consult Baltic does not represent any specific technology provider, thus we are acting as an independent consultant to provide our clients reliable, feasible and up to date technological solutions.<\/p>\n<p class=\"p1\">As a part of aqua consult group with the main office in Hannover, Germany, we are located in Estonia. During the 25-year activity we have realized more than 150 designs of wastewater treatment plants. Together with more than 40 years activity and over 1000 WWTP designs from Germany, we have a vast experience in the wastewater treatment technology.<\/p>\n<p class=\"p1\"><strong>Technology of wastewater treatment is our passion. Help us to realize it!<\/strong><\/p>\n\n\t\t<\/div>\n\t<\/div>\n<\/div><\/div><\/div><\/div>","protected":false},"excerpt":{"rendered":"O\u00dc aqua consult baltic on s\u00f5ltumatu keskkonnatehnoloogia projekteerimis- ja konsultatsiooniettev\u00f5te, mis on spetsialiseerunud vee- ja reoveepuhastuse lahendustele. Omades Eestis suurimat reoveepuhastite tehnoloogia projekteerimisele ja n\u00f5ustamisele spetsialiseerunud meeskonda, on meie eesm\u00e4rgiks pakkuda oma klientidele alati parimat reoveepuhastuse tehnoloogiat.\u00a0 Meie p\u00f5hiliseks tegevusvaldkonnaks...","protected":false},"author":1,"featured_media":0,"parent":0,"menu_order":0,"comment_status":"closed","ping_status":"closed","template":"","meta":{"footnotes":""},"_links":{"self":[{"href":"https:\/\/aquaconsult.ee\/en\/wp-json\/wp\/v2\/pages\/13516"}],"collection":[{"href":"https:\/\/aquaconsult.ee\/en\/wp-json\/wp\/v2\/pages"}],"about":[{"href":"https:\/\/aquaconsult.ee\/en\/wp-json\/wp\/v2\/types\/page"}],"author":[{"embeddable":true,"href":"https:\/\/aquaconsult.ee\/en\/wp-json\/wp\/v2\/users\/1"}],"replies":[{"embeddable":true,"href":"https:\/\/aquaconsult.ee\/en\/wp-json\/wp\/v2\/comments?post=13516"}],"version-history":[{"count":8,"href":"https:\/\/aquaconsult.ee\/en\/wp-json\/wp\/v2\/pages\/13516\/revisions"}],"predecessor-version":[{"id":13858,"href":"https:\/\/aquaconsult.ee\/en\/wp-json\/wp\/v2\/pages\/13516\/revisions\/13858"}],"wp:attachment":[{"href":"https:\/\/aquaconsult.ee\/en\/wp-json\/wp\/v2\/media?parent=13516"}],"curies":[{"name":"wp","href":"https:\/\/api.w.org\/{rel}","templated":true}]}}