{"id":13580,"date":"2022-05-21T18:43:10","date_gmt":"2022-05-21T18:43:10","guid":{"rendered":"https:\/\/aquaconsult.ee\/?page_id=13580"},"modified":"2022-05-21T20:29:04","modified_gmt":"2022-05-21T20:29:04","slug":"reoveepuhastite-modelleerimine","status":"publish","type":"page","link":"https:\/\/aquaconsult.ee\/en\/reoveepuhastite-modelleerimine\/","title":{"rendered":"Modelling of wastewater treatment"},"content":{"rendered":"<div class=\"vc_row wpb_row vc_row-fluid vc_row_visible\"><div class=\"wpb_column vc_column_container vc_col-sm-12 text-left\"><div class=\"vc_column-inner\"><div class=\"wpb_wrapper\"><div  class=\"text-center\"><div><div class=\"slide-in-container\"><h1 class=\"text-heading-default font-weight-bold animate-in el-title_custom_color mb-12\" style=\"\" data-anim-type=\"fade-in\" data-anim-delay=\"0\">Modelling of wastewater treatment<\/h1><\/div><\/div><\/div><\/div><\/div><\/div><\/div><div class=\"vc_row wpb_row vc_row-fluid vc_row_visible\"><div class=\"wpb_column vc_column_container vc_col-sm-12 text-left\"><div class=\"vc_column-inner  vc_custom_1653158722532\"><div class=\"wpb_wrapper\">\n\t<div class=\"wpb_text_column wpb_content_element\" >\n\t\t<div class=\"wpb_wrapper\">\n\t\t\t<p class=\"p1\">Dynamic modelling of wastewater treatment processes is used for dimensioning, optimization and operating of wastewater treatment plants. The novel modelling concepts enable us more precise prediction and has also been proven to optimise construction as well as operating costs.<span class=\"Apple-converted-space\">\u00a0<\/span><\/p>\n<p class=\"p1\">Process modelling allows us to simulate the processes under different inflow conditions and relate it directly to the effluent quality, energy consumption or operational control parameters. Modelling of different scenarios enables us to calculate most favourable process volumes and make optimised choices for technology selection. This gives us the reliability to provide secure wastewater treatment process in adverse operating conditions.<\/p>\n<p class=\"p1\">In addition to the responsibility to ensure the WWTP effluent discharge quality, the resource efficiency and energy recovery is also in focus. Whole plant modelling is a perfect tool to predict the optimal operating range for each treatment plant and allows us to avoid over-dimensioning and increased energy consumption. Modelling also allows to find the optimal chemical consumption (methanol, ferrous sulphate, acid or base) and to perform the most efficient aeration or control of any other technical equipment.<\/p>\n\n\t\t<\/div>\n\t<\/div>\n<div class=\"d-inline-block\" ><div class=\"text-left d-inline-block  w-100 rounded-0\"  ><img loading=\"lazy\" decoding=\"async\" class=\"card-img2 pix-img-elem rounded-0  h-1002\" style=\"height:auto;\" width=\"1842\" height=\"1080\" srcset=\"https:\/\/aquaconsult.ee\/wp-content\/uploads\/2022\/05\/1.3.1-Modelleerimine-Tarkvara.jpeg 1842w, https:\/\/aquaconsult.ee\/wp-content\/uploads\/2022\/05\/1.3.1-Modelleerimine-Tarkvara-300x176.jpeg 300w, https:\/\/aquaconsult.ee\/wp-content\/uploads\/2022\/05\/1.3.1-Modelleerimine-Tarkvara-1024x600.jpeg 1024w, https:\/\/aquaconsult.ee\/wp-content\/uploads\/2022\/05\/1.3.1-Modelleerimine-Tarkvara-768x450.jpeg 768w, https:\/\/aquaconsult.ee\/wp-content\/uploads\/2022\/05\/1.3.1-Modelleerimine-Tarkvara-1536x901.jpeg 1536w, https:\/\/aquaconsult.ee\/wp-content\/uploads\/2022\/05\/1.3.1-Modelleerimine-Tarkvara-16x9.jpeg 16w\" sizes=\"(max-width: 1842px) 100vw, 1842px\" src=\"https:\/\/aquaconsult.ee\/wp-content\/uploads\/2022\/05\/1.3.1-Modelleerimine-Tarkvara.jpeg\" alt=\"\" \/><\/div><\/div><\/div><\/div><\/div><\/div><div class=\"vc_row wpb_row vc_row-fluid vc_row_visible\"><div class=\"wpb_column vc_column_container vc_col-sm-12 text-left\"><div class=\"vc_column-inner\"><div class=\"wpb_wrapper\"><div class=\"slide-in-container w-100\" ><p class=\"text-xs  text-body-default\" >Copyright Dynamita SARL<\/p><\/div><\/div><\/div><\/div><\/div><div class=\"vc_row wpb_row vc_row-fluid vc_row_visible\"><div class=\"wpb_column vc_column_container vc_col-sm-12 text-left\"><div class=\"vc_column-inner\"><div class=\"wpb_wrapper\">\n\t<div class=\"wpb_text_column wpb_content_element\" >\n\t\t<div class=\"wpb_wrapper\">\n\t\t\t<p class=\"p1\">For most applications we have used the dynamic whole plant modelling approach where activated sludge or biofilm technology is integrated with the models of sludge treatment and anaerobic digestion. In addition, the model includes chemical phosphorus removal, precipitation reactions, pH changes, as well as models of sedimentation processes.<\/p>\n<p class=\"p1\"><strong>  Following processes can be calculated in detail with models:<\/strong><\/p>\n\n\t\t<\/div>\n\t<\/div>\n<\/div><\/div><\/div><\/div><div class=\"vc_row wpb_row vc_row-fluid vc_row_visible\"><div class=\"wpb_column vc_column_container vc_col-sm-12 text-left\"><div class=\"vc_column-inner\"><div class=\"wpb_wrapper\"><div id=\"duo-icon-170107087\" class=\"slide-in-container w-100\" ><div class=\"py-2\"  ><div class=\"pix-feature-list   font-weight-bold     py-2 d-flex align-items-center\" ><i class=\"pixicon-check-square-2 mr-2 text-primary\" ><\/i><span class=\"text-primary\">Boundary conditions for the operation of nitrogen removal,<\/span><\/div><div class=\"pix-feature-list   font-weight-bold     py-2 d-flex align-items-center\" ><i class=\"pixicon-check-square-2 mr-2 text-primary\" ><\/i><span class=\"text-primary\">Phosphorus removal performance, quantity of precipitation chemicals and effects of peak phosphorus concentrations,<\/span><\/div><div class=\"pix-feature-list   font-weight-bold     py-2 d-flex align-items-center\" ><i class=\"pixicon-check-square-2 mr-2 text-primary\" ><\/i><span class=\"text-primary\">The impact of hydrolysis on biological phosphorus removal,<\/span><\/div><div class=\"pix-feature-list   font-weight-bold     py-2 d-flex align-items-center\" ><i class=\"pixicon-check-square-2 mr-2 text-primary\" ><\/i><span class=\"text-primary\">COD removal with two-step denitrification,<\/span><\/div><div class=\"pix-feature-list   font-weight-bold     py-2 d-flex align-items-center\" ><i class=\"pixicon-check-square-2 mr-2 text-primary\" ><\/i><span class=\"text-primary\">Enhancement of nitrogen removal by cascade denitrification,<\/span><\/div><div class=\"pix-feature-list   font-weight-bold     py-2 d-flex align-items-center\" ><i class=\"pixicon-check-square-2 mr-2 text-primary\" ><\/i><span class=\"text-primary\">Temperature sensitivity of processes,<\/span><\/div><div class=\"pix-feature-list   font-weight-bold     py-2 d-flex align-items-center\" ><i class=\"pixicon-check-square-2 mr-2 text-primary\" ><\/i><span class=\"text-primary\">Effects and inhibitions of industrial wastewater in wastewater treatment plants,<\/span><\/div><div class=\"pix-feature-list   font-weight-bold     py-2 d-flex align-items-center\" ><i class=\"pixicon-check-square-2 mr-2 text-primary\" ><\/i><span class=\"text-primary\">Impact of anaerobic sludge treatment and reject water loading on activated sludge process,<\/span><\/div><div class=\"pix-feature-list   font-weight-bold     py-2 d-flex align-items-center\" ><i class=\"pixicon-check-square-2 mr-2 text-primary\" ><\/i><span class=\"text-primary\">Sedimentation of activated sludge based on solid flux theory,<\/span><\/div><div class=\"pix-feature-list   font-weight-bold     py-2 d-flex align-items-center\" ><i class=\"pixicon-check-square-2 mr-2 text-primary\" ><\/i><span class=\"text-primary\">Energy consumption-based optimization and energy saving of wastewater treatment plants,<\/span><\/div><div class=\"pix-feature-list   font-weight-bold     py-2 d-flex align-items-center\" ><i class=\"pixicon-check-square-2 mr-2 text-primary\" ><\/i><span class=\"text-primary\">Calculation of greenhouse gas emissions from a waste water treatment plant<\/span><\/div><\/div><\/div><\/div><\/div><\/div><\/div><div class=\"vc_row wpb_row vc_row-fluid vc_row_visible\"><div class=\"wpb_column vc_column_container vc_col-sm-12 text-left\"><div class=\"vc_column-inner\"><div class=\"wpb_wrapper\">\n\t<div class=\"wpb_text_column wpb_content_element\" >\n\t\t<div class=\"wpb_wrapper\">\n\t\t\t<p class=\"p1\">Model calibration is crucial for any prediction model. \nTherefore we are dedicated to use the detailed laboratory analyses and wastewater fractionation for model development as well as for model calibration. Our qualified process engineers have long experience in performing the laboratory studies, interpretation and integration of the results for modelling purposes.<\/p>\n\n\t\t<\/div>\n\t<\/div>\n<\/div><\/div><\/div><\/div>","protected":false},"excerpt":{"rendered":"Reoveepuhastite modelleerimine Reoveepuhastite dimensioneerimisel, optimeerimisel ja opereerimisel kasutame puhastusprotsessi modelleerimist, mis v\u00f5imaldab suuremat kokkuhoidu nii ehituskuludelt kui ka ekspluatatsioonikuludelt.\u00a0 Reoveepuhastusprotsesside modelleerimine v\u00f5imaldab erinevate reoveepuhasti sissevoolutingimuste juures simuleerida protsesside kulgu ning n\u00e4itab kui palju on sellest m\u00f5jutatud v\u00e4ljavoolu kvaliteet, energiakulu v\u00f5i...","protected":false},"author":1,"featured_media":0,"parent":0,"menu_order":0,"comment_status":"closed","ping_status":"closed","template":"","meta":{"footnotes":""},"_links":{"self":[{"href":"https:\/\/aquaconsult.ee\/en\/wp-json\/wp\/v2\/pages\/13580"}],"collection":[{"href":"https:\/\/aquaconsult.ee\/en\/wp-json\/wp\/v2\/pages"}],"about":[{"href":"https:\/\/aquaconsult.ee\/en\/wp-json\/wp\/v2\/types\/page"}],"author":[{"embeddable":true,"href":"https:\/\/aquaconsult.ee\/en\/wp-json\/wp\/v2\/users\/1"}],"replies":[{"embeddable":true,"href":"https:\/\/aquaconsult.ee\/en\/wp-json\/wp\/v2\/comments?post=13580"}],"version-history":[{"count":9,"href":"https:\/\/aquaconsult.ee\/en\/wp-json\/wp\/v2\/pages\/13580\/revisions"}],"predecessor-version":[{"id":13622,"href":"https:\/\/aquaconsult.ee\/en\/wp-json\/wp\/v2\/pages\/13580\/revisions\/13622"}],"wp:attachment":[{"href":"https:\/\/aquaconsult.ee\/en\/wp-json\/wp\/v2\/media?parent=13580"}],"curies":[{"name":"wp","href":"https:\/\/api.w.org\/{rel}","templated":true}]}}