{"id":13590,"date":"2022-05-21T19:11:25","date_gmt":"2022-05-21T19:11:25","guid":{"rendered":"https:\/\/aquaconsult.ee\/?page_id=13590"},"modified":"2022-05-21T21:36:07","modified_gmt":"2022-05-21T21:36:07","slug":"reoveesette-uuringud","status":"publish","type":"page","link":"https:\/\/aquaconsult.ee\/en\/reoveesette-uuringud\/","title":{"rendered":"Sludge characterisation"},"content":{"rendered":"<div class=\"vc_row wpb_row vc_row-fluid vc_row_visible\"><div class=\"wpb_column vc_column_container vc_col-sm-12 text-left\"><div class=\"vc_column-inner\"><div class=\"wpb_wrapper\"><div  class=\"text-center\"><div><div class=\"slide-in-container\"><h1 class=\"text-heading-default font-weight-bold el-title_custom_color mb-12\" style=\"\" data-anim-type=\"\" data-anim-delay=\"0\">Sludge characterisation<\/h1><\/div><\/div><\/div><\/div><\/div><\/div><\/div><div data-vc-full-width=\"true\" data-vc-full-width-init=\"false\" class=\"vc_row wpb_row vc_row-fluid vc_row_visible vc_custom_1653168563397 vc_row-has-fill vc_row-o-content-middle vc_row-flex\"><div class=\"wpb_column vc_column_container vc_col-sm-6 text-left\"><div class=\"vc_column-inner\"><div class=\"wpb_wrapper\"><div id=\"duo-icon-173576367\" class=\"slide-in-container w-100\" ><div class=\"py-2\"  ><div class=\"pix-feature-list   font-weight-bold     py-2 d-flex align-items-center\" ><i class=\"pixicon-question-circle mr-2 text-primary\" ><\/i><span class=\"text-primary\">Are filamentous bacteria dominating the wastewater treatment plants ?<\/span><\/div><div class=\"pix-feature-list   font-weight-bold     py-2 d-flex align-items-center\" ><i class=\"pixicon-question-circle mr-2 text-primary\" ><\/i><span class=\"text-primary\">What can be done with the sewage sludge?<\/span><\/div><div class=\"pix-feature-list   font-weight-bold     py-2 d-flex align-items-center\" ><i class=\"pixicon-question-circle mr-2 text-primary\" ><\/i><span class=\"text-primary\">Is sewage sludge properly stabilised and disinfected and is suitable for using as a product or a waste?<\/span><\/div><div class=\"pix-feature-list   font-weight-bold     py-2 d-flex align-items-center\" ><i class=\"pixicon-question-circle mr-2 text-primary\" ><\/i><span class=\"text-primary\">Are wastewater sludge dewatering results satisfactory or dry matter content could be higher?<\/span><\/div><\/div><\/div><\/div><\/div><\/div><div class=\"wpb_column vc_column_container vc_col-sm-6 text-left\"><div class=\"vc_column-inner  vc_custom_1559101053478\"><div class=\"wpb_wrapper\"><div class=\"d-inline-block\" ><div class=\"text-left d-inline-block  w-100 rounded-0\"  ><img loading=\"lazy\" decoding=\"async\" class=\"card-img2 pix-img-elem rounded-0  h-1002\" style=\"height:auto;\" width=\"1980\" height=\"1435\" srcset=\"https:\/\/aquaconsult.ee\/wp-content\/uploads\/2022\/05\/2.1.2-reoveesete-1-1-1.png 1980w, https:\/\/aquaconsult.ee\/wp-content\/uploads\/2022\/05\/2.1.2-reoveesete-1-1-1-300x217.png 300w, https:\/\/aquaconsult.ee\/wp-content\/uploads\/2022\/05\/2.1.2-reoveesete-1-1-1-1024x742.png 1024w, https:\/\/aquaconsult.ee\/wp-content\/uploads\/2022\/05\/2.1.2-reoveesete-1-1-1-768x557.png 768w, https:\/\/aquaconsult.ee\/wp-content\/uploads\/2022\/05\/2.1.2-reoveesete-1-1-1-1536x1113.png 1536w, https:\/\/aquaconsult.ee\/wp-content\/uploads\/2022\/05\/2.1.2-reoveesete-1-1-1-16x12.png 16w\" sizes=\"(max-width: 1980px) 100vw, 1980px\" src=\"https:\/\/aquaconsult.ee\/wp-content\/uploads\/2022\/05\/2.1.2-reoveesete-1-1-1.png\" alt=\"\" \/><\/div><\/div><\/div><\/div><\/div><\/div><div class=\"vc_row-full-width vc_clearfix\"><\/div><div class=\"vc_row wpb_row vc_row-fluid vc_row_visible\"><div class=\"wpb_column vc_column_container vc_col-sm-12 text-left\"><div class=\"vc_column-inner\"><div class=\"wpb_wrapper\">\n\t<div class=\"wpb_text_column wpb_content_element\" >\n\t\t<div class=\"wpb_wrapper\">\n\t\t\t<p class=\"p1\"><strong>  To get answers for those questions studies of sewage sludge should be carried out.<\/strong> Aqua consult Baltic can help with that. We can offer comprehensive studies of sewage sludge, which includes assessing if the proper stabilisation and disinfection parameters of the sewage sludge has been achieved.<\/p>\n<p class=\"p1\">We have also developed a method that will help to determine free and bound water content of sewage sludge. The free water fraction is particularly important, since only this fraction can be separated during mechanical dewatering and by determining that we can assess the maximum dry matter content than can be achieved with mechanical dewatering.<\/p>\n\n\t\t<\/div>\n\t<\/div>\n<\/div><\/div><\/div><\/div>","protected":false},"excerpt":{"rendered":"Reoveesette uuringudKas reoveepuhastis vohab niitbakter?Mida teha reoveesettega?Kas reoveesete on stabiliseeritud ja h\u00fcgieniseeritud ning sobib kasutamiseks tootena v\u00f5i j\u00e4\u00e4tmena?Kas veetustamisseadmete tulem on hea v\u00f5i oleks v\u00f5imalik saada k\u00f5rgem kuivainesisaldus? Selleks, et vastata nendele k\u00fcsimustele on vaja teostada reoveesette uuringud. Saame reoveepuhasti...","protected":false},"author":1,"featured_media":0,"parent":0,"menu_order":0,"comment_status":"closed","ping_status":"closed","template":"","meta":{"footnotes":""},"_links":{"self":[{"href":"https:\/\/aquaconsult.ee\/en\/wp-json\/wp\/v2\/pages\/13590"}],"collection":[{"href":"https:\/\/aquaconsult.ee\/en\/wp-json\/wp\/v2\/pages"}],"about":[{"href":"https:\/\/aquaconsult.ee\/en\/wp-json\/wp\/v2\/types\/page"}],"author":[{"embeddable":true,"href":"https:\/\/aquaconsult.ee\/en\/wp-json\/wp\/v2\/users\/1"}],"replies":[{"embeddable":true,"href":"https:\/\/aquaconsult.ee\/en\/wp-json\/wp\/v2\/comments?post=13590"}],"version-history":[{"count":5,"href":"https:\/\/aquaconsult.ee\/en\/wp-json\/wp\/v2\/pages\/13590\/revisions"}],"predecessor-version":[{"id":13641,"href":"https:\/\/aquaconsult.ee\/en\/wp-json\/wp\/v2\/pages\/13590\/revisions\/13641"}],"wp:attachment":[{"href":"https:\/\/aquaconsult.ee\/en\/wp-json\/wp\/v2\/media?parent=13590"}],"curies":[{"name":"wp","href":"https:\/\/api.w.org\/{rel}","templated":true}]}}