{"id":13742,"date":"2022-05-29T22:02:51","date_gmt":"2022-05-29T22:02:51","guid":{"rendered":"https:\/\/aquaconsult.ee\/?page_id=13742"},"modified":"2022-05-29T22:23:51","modified_gmt":"2022-05-29T22:23:51","slug":"arke-lihatoostus","status":"publish","type":"page","link":"https:\/\/aquaconsult.ee\/en\/arke-lihatoostus\/","title":{"rendered":"arke-lihat\u00f6\u00f6stus"},"content":{"rendered":"<div class=\"vc_row wpb_row vc_row-fluid vc_row_visible\"><div class=\"wpb_column vc_column_container vc_col-sm-12 text-left\"><div class=\"vc_column-inner\"><div class=\"wpb_wrapper\"><div  class=\"text-center\"><div><div class=\"slide-in-container\"><h3 class=\"text-heading-default font-weight-bold el-title_custom_color mb-12\" style=\"\" data-anim-type=\"\" data-anim-delay=\"0\">Design of Arke meat factory wastewater treatment plant <\/h3><\/div><\/div><\/div><\/div><\/div><\/div><\/div><div data-vc-full-width=\"true\" data-vc-full-width-init=\"false\" class=\"vc_row wpb_row vc_row-fluid vc_row_visible vc_custom_1653168563397 vc_row-has-fill vc_row-o-content-middle vc_row-flex\"><div class=\"wpb_column vc_column_container vc_col-sm-12 text-left\"><div class=\"vc_column-inner\"><div class=\"wpb_wrapper\">\n\t<div class=\"wpb_text_column wpb_content_element\" >\n\t\t<div class=\"wpb_wrapper\">\n\t\t\t<p><strong>  <span class=\"TextRun SCXW149192473 BCX0\" lang=\"SV-SE\" xml:lang=\"SV-SE\" data-contrast=\"auto\"><span class=\"NormalTextRun SCXW149192473 BCX0\">Customer:\u00a0<\/span> <span class=\"NormalTextRun SCXW149192473 BCX0\">Arke Lihat\u00f6\u00f6stus AS<\/span><\/span><span class=\"EOP SCXW149192473 BCX0\" data-ccp-props=\"{&quot;201341983&quot;:0,&quot;335559739&quot;:0,&quot;335559740&quot;:240}\">\u00a0<\/span><\/strong><\/p>\n<p class=\"p1\"><span class=\"TextRun SCXW162008069 BCX0\" lang=\"ET-EE\" xml:lang=\"ET-EE\" data-contrast=\"auto\"><span class=\"NormalTextRun SCXW162008069 BCX0\">aqua consult <\/span><span class=\"NormalTextRun SCXW162008069 BCX0\">B<\/span><span class=\"NormalTextRun SCXW162008069 BCX0\">altic O<\/span><span class=\"NormalTextRun SCXW162008069 BCX0\">\u00dc<\/span><span class=\"NormalTextRun SCXW162008069 BCX0\"> koostas 2008. aastal AS-i Arke Lihat<\/span><span class=\"NormalTextRun SCXW162008069 BCX0\">\u00f6\u00f6<\/span><span class=\"NormalTextRun SCXW162008069 BCX0\">stus P<\/span><span class=\"NormalTextRun SCXW162008069 BCX0\">\u00f5<\/span><span class=\"NormalTextRun SCXW162008069 BCX0\">lgastes asuva tootmiskompleksi reoveepuhasti rekonstrueerimisprojekti, mille alusel rajati uued puhastusseadmed<\/span><span class=\"NormalTextRun SCXW162008069 BCX0\">.<\/span><span class=\"NormalTextRun SCXW162008069 BCX0\"> Puhastusseadmete aluseks kasutati <\/span><span class=\"NormalTextRun SCXW162008069 BCX0\">vana <\/span><span class=\"SpellingError SCXW162008069 BCX0\">Oxyd<\/span><span class=\"NormalTextRun SCXW162008069 BCX0\"> t\u00fc\u00fcpi reoveepuhasti konstruktsioone, millesse rajati <\/span><span class=\"NormalTextRun SCXW162008069 BCX0\">lihat\u00f6\u00f6stuse reovee puhastamiseks sobiv annuspuhasti. <\/span><span class=\"NormalTextRun SCXW162008069 BCX0\">L\u00e4htuvalt lihat\u00f6\u00f6stuse tootmis<\/span><span class=\"NormalTextRun SCXW162008069 BCX0\">koormuse muutustest <\/span><span class=\"NormalTextRun SCXW162008069 BCX0\">projekteeritu puhasti t\u00e4iendus <\/span><span class=\"NormalTextRun SCXW162008069 BCX0\">2013 aastal.\u00a0<\/span><\/span><span class=\"EOP SCXW162008069 BCX0\" data-ccp-props=\"{&quot;201341983&quot;:0,&quot;335559739&quot;:0,&quot;335559740&quot;:240}\">\u00a0<\/span><\/p>\n\n\t\t<\/div>\n\t<\/div>\n<\/div><\/div><\/div><\/div><div class=\"vc_row-full-width vc_clearfix\"><\/div><div class=\"vc_row wpb_row vc_row-fluid vc_row_visible\"><div class=\"wpb_column vc_column_container vc_col-sm-6 text-left\"><div class=\"vc_column-inner\"><div class=\"wpb_wrapper\">\n\t<div class=\"wpb_text_column wpb_content_element\" >\n\t\t<div class=\"wpb_wrapper\">\n\t\t\t<p><strong>Wastewater treatment plant load 1200 PE, Qaver=54 m3\/d\u00a0<\/strong><\/p>\n<ul>\n<li data-leveltext=\"-\" data-font=\"Cambria\" data-listid=\"11\" data-list-defn-props=\"{&quot;335551671&quot;:2005,&quot;335552541&quot;:1,&quot;335559684&quot;:-2,&quot;335559685&quot;:720,&quot;335559991&quot;:360,&quot;469769226&quot;:&quot;Cambria&quot;,&quot;469769242&quot;:&#091;8226&#093;,&quot;469777803&quot;:&quot;left&quot;,&quot;469777804&quot;:&quot;-&quot;,&quot;469777815&quot;:&quot;hybridMultilevel&quot;}\" aria-setsize=\"-1\" data-aria-posinset=\"2005\" data-aria-level=\"1\"><span data-contrast=\"auto\">Pumping station,<\/span><span data-ccp-props=\"{&quot;201341983&quot;:0,&quot;335559739&quot;:0,&quot;335559740&quot;:240}\">\u00a0<\/span><\/li>\n<li data-leveltext=\"-\" data-font=\"Cambria\" data-listid=\"11\" data-list-defn-props=\"{&quot;335551671&quot;:2005,&quot;335552541&quot;:1,&quot;335559684&quot;:-2,&quot;335559685&quot;:720,&quot;335559991&quot;:360,&quot;469769226&quot;:&quot;Cambria&quot;,&quot;469769242&quot;:&#091;8226&#093;,&quot;469777803&quot;:&quot;left&quot;,&quot;469777804&quot;:&quot;-&quot;,&quot;469777815&quot;:&quot;hybridMultilevel&quot;}\" aria-setsize=\"-1\" data-aria-posinset=\"2005\" data-aria-level=\"1\"><span data-contrast=\"auto\">Mechanical wastewater treatment,\u00a0<\/span><span data-ccp-props=\"{&quot;201341983&quot;:0,&quot;335559739&quot;:0,&quot;335559740&quot;:240}\">\u00a0<\/span><\/li>\n<li data-leveltext=\"-\" data-font=\"Cambria\" data-listid=\"11\" data-list-defn-props=\"{&quot;335551671&quot;:2005,&quot;335552541&quot;:1,&quot;335559684&quot;:-2,&quot;335559685&quot;:720,&quot;335559991&quot;:360,&quot;469769226&quot;:&quot;Cambria&quot;,&quot;469769242&quot;:&#091;8226&#093;,&quot;469777803&quot;:&quot;left&quot;,&quot;469777804&quot;:&quot;-&quot;,&quot;469777815&quot;:&quot;hybridMultilevel&quot;}\" aria-setsize=\"-1\" data-aria-posinset=\"2005\" data-aria-level=\"1\"><span data-contrast=\"auto\">Wastewater equalisation,<\/span><span data-ccp-props=\"{&quot;201341983&quot;:0,&quot;335559739&quot;:0,&quot;335559740&quot;:240}\">\u00a0<\/span><\/li>\n<\/ul>\n<ul>\n<li data-leveltext=\"-\" data-font=\"Cambria\" data-listid=\"11\" data-list-defn-props=\"{&quot;335551671&quot;:2005,&quot;335552541&quot;:1,&quot;335559684&quot;:-2,&quot;335559685&quot;:720,&quot;335559991&quot;:360,&quot;469769226&quot;:&quot;Cambria&quot;,&quot;469769242&quot;:&#091;8226&#093;,&quot;469777803&quot;:&quot;left&quot;,&quot;469777804&quot;:&quot;-&quot;,&quot;469777815&quot;:&quot;hybridMultilevel&quot;}\" aria-setsize=\"-1\" data-aria-posinset=\"2005\" data-aria-level=\"1\"><span data-contrast=\"auto\">Sequence batch reactor with nitrogen removal;<\/span><span data-ccp-props=\"{&quot;201341983&quot;:0,&quot;335559739&quot;:0,&quot;335559740&quot;:240}\">\u00a0<\/span><\/li>\n<li data-leveltext=\"-\" data-font=\"Cambria\" data-listid=\"11\" data-list-defn-props=\"{&quot;335551671&quot;:2005,&quot;335552541&quot;:1,&quot;335559684&quot;:-2,&quot;335559685&quot;:720,&quot;335559991&quot;:360,&quot;469769226&quot;:&quot;Cambria&quot;,&quot;469769242&quot;:&#091;8226&#093;,&quot;469777803&quot;:&quot;left&quot;,&quot;469777804&quot;:&quot;-&quot;,&quot;469777815&quot;:&quot;hybridMultilevel&quot;}\" aria-setsize=\"-1\" data-aria-posinset=\"2005\" data-aria-level=\"1\"><span data-contrast=\"auto\">Chemical dosing unit;<\/span><span data-ccp-props=\"{&quot;201341983&quot;:0,&quot;335559739&quot;:0,&quot;335559740&quot;:240}\">\u00a0<\/span><\/li>\n<li data-leveltext=\"-\" data-font=\"Cambria\" data-listid=\"11\" data-list-defn-props=\"{&quot;335551671&quot;:2005,&quot;335552541&quot;:1,&quot;335559684&quot;:-2,&quot;335559685&quot;:720,&quot;335559991&quot;:360,&quot;469769226&quot;:&quot;Cambria&quot;,&quot;469769242&quot;:&#091;8226&#093;,&quot;469777803&quot;:&quot;left&quot;,&quot;469777804&quot;:&quot;-&quot;,&quot;469777815&quot;:&quot;hybridMultilevel&quot;}\" aria-setsize=\"-1\" data-aria-posinset=\"2005\" data-aria-level=\"1\"><span data-contrast=\"auto\">Aerated sewage sludge tank<\/span><span data-ccp-props=\"{&quot;201341983&quot;:0,&quot;335559739&quot;:0,&quot;335559740&quot;:240}\">\u00a0<\/span><\/li>\n<\/ul>\n<p><span data-ccp-props=\"{&quot;201341983&quot;:0,&quot;335559739&quot;:0,&quot;335559740&quot;:240}\">\u00a0<\/span><\/p>\n<p><strong>\u00a0Service offered\u00a0<\/strong><\/p>\n<ul>\n<li data-leveltext=\"-\" data-font=\"Baghdad\" data-listid=\"10\" data-list-defn-props=\"{&quot;335551671&quot;:2005,&quot;335552541&quot;:1,&quot;335559684&quot;:-2,&quot;335559685&quot;:720,&quot;335559991&quot;:360,&quot;469769226&quot;:&quot;Baghdad&quot;,&quot;469769242&quot;:&#091;8226&#093;,&quot;469777803&quot;:&quot;left&quot;,&quot;469777804&quot;:&quot;-&quot;,&quot;469777815&quot;:&quot;hybridMultilevel&quot;}\" aria-setsize=\"-1\" data-aria-posinset=\"2005\" data-aria-level=\"1\"><span data-contrast=\"auto\">Choice of technology,\u00a0<\/span><span data-ccp-props=\"{&quot;201341983&quot;:0,&quot;335559739&quot;:0,&quot;335559740&quot;:240}\">\u00a0<\/span><\/li>\n<li data-leveltext=\"-\" data-font=\"Baghdad\" data-listid=\"10\" data-list-defn-props=\"{&quot;335551671&quot;:2005,&quot;335552541&quot;:1,&quot;335559684&quot;:-2,&quot;335559685&quot;:720,&quot;335559991&quot;:360,&quot;469769226&quot;:&quot;Baghdad&quot;,&quot;469769242&quot;:&#091;8226&#093;,&quot;469777803&quot;:&quot;left&quot;,&quot;469777804&quot;:&quot;-&quot;,&quot;469777815&quot;:&quot;hybridMultilevel&quot;}\" aria-setsize=\"-1\" data-aria-posinset=\"2005\" data-aria-level=\"1\"><span data-contrast=\"auto\">Design work<\/span><span data-contrast=\"auto\">\u00f5<\/span><span data-contrast=\"auto\">(detail design with special parts),<\/span><span data-contrast=\"auto\">;<\/span><span data-ccp-props=\"{&quot;201341983&quot;:0,&quot;335559739&quot;:0,&quot;335559740&quot;:240}\">\u00a0<\/span><\/li>\n<li data-leveltext=\"-\" data-font=\"Baghdad\" data-listid=\"10\" data-list-defn-props=\"{&quot;335551671&quot;:2005,&quot;335552541&quot;:1,&quot;335559684&quot;:-2,&quot;335559685&quot;:720,&quot;335559991&quot;:360,&quot;469769226&quot;:&quot;Baghdad&quot;,&quot;469769242&quot;:&#091;8226&#093;,&quot;469777803&quot;:&quot;left&quot;,&quot;469777804&quot;:&quot;-&quot;,&quot;469777815&quot;:&quot;hybridMultilevel&quot;}\" aria-setsize=\"-1\" data-aria-posinset=\"2005\" data-aria-level=\"1\"><span data-contrast=\"auto\">Services during construction;<\/span><span data-ccp-props=\"{&quot;201341983&quot;:0,&quot;335559739&quot;:0,&quot;335559740&quot;:240}\">\u00a0<\/span><\/li>\n<li data-leveltext=\"-\" data-font=\"Baghdad\" data-listid=\"10\" data-list-defn-props=\"{&quot;335551671&quot;:2005,&quot;335552541&quot;:1,&quot;335559684&quot;:-2,&quot;335559685&quot;:720,&quot;335559991&quot;:360,&quot;469769226&quot;:&quot;Baghdad&quot;,&quot;469769242&quot;:&#091;8226&#093;,&quot;469777803&quot;:&quot;left&quot;,&quot;469777804&quot;:&quot;-&quot;,&quot;469777815&quot;:&quot;hybridMultilevel&quot;}\" aria-setsize=\"-1\" data-aria-posinset=\"2005\" data-aria-level=\"1\"><span data-contrast=\"auto\">Operating (since 2011).\u00a0<\/span><span data-ccp-props=\"{&quot;201341983&quot;:0,&quot;335559739&quot;:0,&quot;335559740&quot;:240}\">\u00a0<\/span><\/li>\n<\/ul>\n\n\t\t<\/div>\n\t<\/div>\n<\/div><\/div><\/div><div class=\"wpb_column vc_column_container vc_col-sm-6 text-left\"><div class=\"vc_column-inner\"><div class=\"wpb_wrapper\"><div class=\"d-inline-block\" ><div class=\"text-left d-inline-block  w-100 rounded-0\"  ><img loading=\"lazy\" decoding=\"async\" class=\"card-img2 pix-img-elem rounded-0  h-1002\" style=\"height:auto;\" width=\"1806\" height=\"1102\" srcset=\"https:\/\/aquaconsult.ee\/wp-content\/uploads\/2022\/05\/Arke-2008-1.png 1806w, https:\/\/aquaconsult.ee\/wp-content\/uploads\/2022\/05\/Arke-2008-1-300x183.png 300w, https:\/\/aquaconsult.ee\/wp-content\/uploads\/2022\/05\/Arke-2008-1-1024x625.png 1024w, https:\/\/aquaconsult.ee\/wp-content\/uploads\/2022\/05\/Arke-2008-1-768x469.png 768w, https:\/\/aquaconsult.ee\/wp-content\/uploads\/2022\/05\/Arke-2008-1-1536x937.png 1536w, https:\/\/aquaconsult.ee\/wp-content\/uploads\/2022\/05\/Arke-2008-1-16x10.png 16w\" sizes=\"(max-width: 1806px) 100vw, 1806px\" src=\"https:\/\/aquaconsult.ee\/wp-content\/uploads\/2022\/05\/Arke-2008-1.png\" alt=\"\" \/><\/div><\/div><\/div><\/div><\/div><\/div>","protected":false},"excerpt":{"rendered":"Arke Lihat\u00f6\u00f6stuse reoveepuhasti projekteerimine, 1200 ie 2008-2009, 2013 Tellija\u00a0 Arke Lihat\u00f6\u00f6stus AS\u00a0 aqua consult Baltic O\u00dc koostas 2008. aastal AS-i Arke Lihat\u00f6\u00f6stus P\u00f5lgastes asuva tootmiskompleksi reoveepuhasti rekonstrueerimisprojekti, mille alusel rajati uued puhastusseadmed. Puhastusseadmete aluseks kasutati vana Oxyd t\u00fc\u00fcpi reoveepuhasti konstruktsioone,...","protected":false},"author":1,"featured_media":0,"parent":0,"menu_order":0,"comment_status":"closed","ping_status":"closed","template":"","meta":{"footnotes":""},"_links":{"self":[{"href":"https:\/\/aquaconsult.ee\/en\/wp-json\/wp\/v2\/pages\/13742"}],"collection":[{"href":"https:\/\/aquaconsult.ee\/en\/wp-json\/wp\/v2\/pages"}],"about":[{"href":"https:\/\/aquaconsult.ee\/en\/wp-json\/wp\/v2\/types\/page"}],"author":[{"embeddable":true,"href":"https:\/\/aquaconsult.ee\/en\/wp-json\/wp\/v2\/users\/1"}],"replies":[{"embeddable":true,"href":"https:\/\/aquaconsult.ee\/en\/wp-json\/wp\/v2\/comments?post=13742"}],"version-history":[{"count":2,"href":"https:\/\/aquaconsult.ee\/en\/wp-json\/wp\/v2\/pages\/13742\/revisions"}],"predecessor-version":[{"id":13745,"href":"https:\/\/aquaconsult.ee\/en\/wp-json\/wp\/v2\/pages\/13742\/revisions\/13745"}],"wp:attachment":[{"href":"https:\/\/aquaconsult.ee\/en\/wp-json\/wp\/v2\/media?parent=13742"}],"curies":[{"name":"wp","href":"https:\/\/api.w.org\/{rel}","templated":true}]}}