{"id":13751,"date":"2022-05-29T22:37:57","date_gmt":"2022-05-29T22:37:57","guid":{"rendered":"https:\/\/aquaconsult.ee\/?page_id=13751"},"modified":"2022-05-29T23:38:23","modified_gmt":"2022-05-29T23:38:23","slug":"kohta-jarve-reoveepuhasti","status":"publish","type":"page","link":"https:\/\/aquaconsult.ee\/en\/kohta-jarve-reoveepuhasti\/","title":{"rendered":"kohtla-jarve-reoveepuhasti"},"content":{"rendered":"<div class=\"vc_row wpb_row vc_row-fluid vc_row_visible\"><div class=\"wpb_column vc_column_container vc_col-sm-12 text-left\"><div class=\"vc_column-inner\"><div class=\"wpb_wrapper\"><div  class=\"text-center\"><div><div class=\"slide-in-container\"><h3 class=\"text-heading-default font-weight-bold el-title_custom_color mb-12\" style=\"\" data-anim-type=\"\" data-anim-delay=\"0\">Kohtla-J\u00e4rve reoveepuhasti laiendamise projekteerimis- ja k\u00e4ivitust\u00f6\u00f6d (339\u202f548\u202fie) 2016-2018 <\/h3><\/div><\/div><\/div><\/div><\/div><\/div><\/div><div data-vc-full-width=\"true\" data-vc-full-width-init=\"false\" class=\"vc_row wpb_row vc_row-fluid vc_row_visible vc_custom_1653168563397 vc_row-has-fill vc_row-o-content-middle vc_row-flex\"><div class=\"wpb_column vc_column_container vc_col-sm-12 text-left\"><div class=\"vc_column-inner\"><div class=\"wpb_wrapper\">\n\t<div class=\"wpb_text_column wpb_content_element\" >\n\t\t<div class=\"wpb_wrapper\">\n\t\t\t<p><strong>  Tellija O\u00dc J\u00e4rve Biopuhastus<\/strong><\/p>\n<p>&nbsp;<\/p>\n<p>Puhasti reostuskoormus 339 548 ie, Qmax=3 051 m3\/h.<\/p>\n\n\t\t<\/div>\n\t<\/div>\n<\/div><\/div><\/div><\/div><div class=\"vc_row-full-width vc_clearfix\"><\/div><div class=\"vc_row wpb_row vc_row-fluid vc_row_visible\"><div class=\"wpb_column vc_column_container vc_col-sm-6 text-left\"><div class=\"vc_column-inner\"><div class=\"wpb_wrapper\">\n\t<div class=\"wpb_text_column wpb_content_element\" >\n\t\t<div class=\"wpb_wrapper\">\n\t\t\t<p><strong>Wastewater treatment plant<\/strong><\/p>\n<ul>\n<li>jaotuskambri juurdeehitus;<\/li>\n<li>neljas protsessiliin;<\/li>\n<li>segurid, tsirkulatsioonipumbad ja aeratsioonis\u00fcsteem;<\/li>\n<li>mudataseme andurid olemasolevasse j\u00e4relsetititesse;<\/li>\n<li>andurid ja prooviv\u00f5tuseade v\u00e4ljavoolu kontrollkambrisse;<\/li>\n<li>SCADA laiendused.<\/li>\n<\/ul>\n<p>&nbsp;<\/p>\n<p><strong>Service offered<\/strong><\/p>\n<ul>\n<li>reoveepuhasti reostuskoormuse uuringud;<\/li>\n<li>Detailed design,<\/li>\n<li>Construction document,<\/li>\n<li>k\u00e4ivitamine;<\/li>\n<li>koolitused;<\/li>\n<li>puhastusprotsessi optimeerimine;<\/li>\n<li>opereerimine ja n\u00f5ustamine garantiiperioodil.<\/li>\n<\/ul>\n\n\t\t<\/div>\n\t<\/div>\n<\/div><\/div><\/div><div class=\"wpb_column vc_column_container vc_col-sm-6 text-left\"><div class=\"vc_column-inner\"><div class=\"wpb_wrapper\"><div class=\"d-inline-block\" ><div class=\"text-left d-inline-block  w-100 rounded-0\"  ><img loading=\"lazy\" decoding=\"async\" class=\"card-img2 pix-img-elem rounded-0  h-1002\" style=\"height:auto;\" width=\"1047\" height=\"585\" srcset=\"https:\/\/aquaconsult.ee\/wp-content\/uploads\/2022\/05\/KohtlaJa\u0308rve-2016-1.png 1047w, https:\/\/aquaconsult.ee\/wp-content\/uploads\/2022\/05\/KohtlaJa\u0308rve-2016-1-300x168.png 300w, https:\/\/aquaconsult.ee\/wp-content\/uploads\/2022\/05\/KohtlaJa\u0308rve-2016-1-1024x572.png 1024w, https:\/\/aquaconsult.ee\/wp-content\/uploads\/2022\/05\/KohtlaJa\u0308rve-2016-1-768x429.png 768w, https:\/\/aquaconsult.ee\/wp-content\/uploads\/2022\/05\/KohtlaJa\u0308rve-2016-1-16x9.png 16w\" sizes=\"(max-width: 1047px) 100vw, 1047px\" src=\"https:\/\/aquaconsult.ee\/wp-content\/uploads\/2022\/05\/KohtlaJa\u0308rve-2016-1.png\" alt=\"\" \/><\/div><\/div><\/div><\/div><\/div><\/div>","protected":false},"excerpt":{"rendered":"Kohtla-J\u00e4rve reoveepuhasti laiendamise projekteerimis- ja k\u00e4ivitust\u00f6\u00f6d (339\u202f548\u202fie) 2016-2018 Tellija O\u00dc J\u00e4rve Biopuhastus &nbsp; Puhasti reostuskoormus 339 548 ie, Qmax=3 051 m3\/h. Reoveepuhastus jaotuskambri juurdeehitus; neljas protsessiliin; segurid, tsirkulatsioonipumbad ja aeratsioonis\u00fcsteem; mudataseme andurid olemasolevasse j\u00e4relsetititesse; andurid ja prooviv\u00f5tuseade v\u00e4ljavoolu kontrollkambrisse; SCADA...","protected":false},"author":1,"featured_media":0,"parent":0,"menu_order":0,"comment_status":"closed","ping_status":"closed","template":"","meta":{"footnotes":""},"_links":{"self":[{"href":"https:\/\/aquaconsult.ee\/en\/wp-json\/wp\/v2\/pages\/13751"}],"collection":[{"href":"https:\/\/aquaconsult.ee\/en\/wp-json\/wp\/v2\/pages"}],"about":[{"href":"https:\/\/aquaconsult.ee\/en\/wp-json\/wp\/v2\/types\/page"}],"author":[{"embeddable":true,"href":"https:\/\/aquaconsult.ee\/en\/wp-json\/wp\/v2\/users\/1"}],"replies":[{"embeddable":true,"href":"https:\/\/aquaconsult.ee\/en\/wp-json\/wp\/v2\/comments?post=13751"}],"version-history":[{"count":4,"href":"https:\/\/aquaconsult.ee\/en\/wp-json\/wp\/v2\/pages\/13751\/revisions"}],"predecessor-version":[{"id":13784,"href":"https:\/\/aquaconsult.ee\/en\/wp-json\/wp\/v2\/pages\/13751\/revisions\/13784"}],"wp:attachment":[{"href":"https:\/\/aquaconsult.ee\/en\/wp-json\/wp\/v2\/media?parent=13751"}],"curies":[{"name":"wp","href":"https:\/\/api.w.org\/{rel}","templated":true}]}}