{"id":13756,"date":"2022-05-29T22:42:40","date_gmt":"2022-05-29T22:42:40","guid":{"rendered":"https:\/\/aquaconsult.ee\/?page_id=13756"},"modified":"2022-05-29T22:48:41","modified_gmt":"2022-05-29T22:48:41","slug":"ljubljana-reoveepuhasti","status":"publish","type":"page","link":"https:\/\/aquaconsult.ee\/en\/ljubljana-reoveepuhasti\/","title":{"rendered":"ljubljana-reoveepuhasti"},"content":{"rendered":"<div class=\"vc_row wpb_row vc_row-fluid vc_row_visible\"><div class=\"wpb_column vc_column_container vc_col-sm-12 text-left\"><div class=\"vc_column-inner\"><div class=\"wpb_wrapper\"><div  class=\"text-center  vc_custom_1653864467382\"><div><div class=\"slide-in-container\"><h3 class=\"text-heading-default font-weight-bold el-title_custom_color mb-12\" style=\"\" data-anim-type=\"\" data-anim-delay=\"0\">Designing of Ljubljana wastewater treatment plant enlargement (550,000 PE) 2018-2022<\/h3><\/div><\/div><\/div><\/div><\/div><\/div><\/div><div data-vc-full-width=\"true\" data-vc-full-width-init=\"false\" class=\"vc_row wpb_row vc_row-fluid vc_row_visible vc_custom_1653168563397 vc_row-has-fill vc_row-o-content-middle vc_row-flex\"><div class=\"wpb_column vc_column_container vc_col-sm-12 text-left\"><div class=\"vc_column-inner\"><div class=\"wpb_wrapper\">\n\t<div class=\"wpb_text_column wpb_content_element\" >\n\t\t<div class=\"wpb_wrapper\">\n\t\t\t<p><strong>  Customer: Vodovod-Kanalizacija d.o.o<\/strong><\/p>\n<p>Wastewater treatment plant load 550,000 PE, Q=117,000 m\u00b3\/d<span class=\"s1\"><sub>d<\/sub><\/span><span class=\"s2\">=<\/span>117<span class=\"s2\">\u00a0<\/span>00<span class=\"s2\">\u00a0<\/span>m<span class=\"s1\"><sup>3<\/sup><\/span><span class=\"s2\">\/<\/span>d<\/p>\n\n\t\t<\/div>\n\t<\/div>\n<\/div><\/div><\/div><\/div><div class=\"vc_row-full-width vc_clearfix\"><\/div><div class=\"vc_row wpb_row vc_row-fluid vc_row_visible\"><div class=\"wpb_column vc_column_container vc_col-sm-6 text-left\"><div class=\"vc_column-inner\"><div class=\"wpb_wrapper\">\n\t<div class=\"wpb_text_column wpb_content_element\" >\n\t\t<div class=\"wpb_wrapper\">\n\t\t\t<p><strong>Wastewater treatment plant<\/strong><\/p>\n<ul>\n<li>Preliminary settlement tank,<\/li>\n<li>Activated sludge treatment tanks with technological equipment,<\/li>\n<li>Chemical phosphorous removal,<\/li>\n<li>Cloth filtration,<\/li>\n<li>Enlargement of sludge treatment.<\/li>\n<\/ul>\n<p><strong>Sludge management<\/strong><\/p>\n<ul>\n<li>Support for sludge digester design for Veolia OTV<\/li>\n<\/ul>\n<p class=\"p1\"><strong>Service offered<\/strong><\/p>\n<ul>\n<li>Surveys,<\/li>\n<li>Development of the basic concept,<\/li>\n<li>Feasibility study,<\/li>\n<li>Detailed design,<\/li>\n<li>Construction working documents.<\/li>\n<\/ul>\n\n\t\t<\/div>\n\t<\/div>\n<\/div><\/div><\/div><div class=\"wpb_column vc_column_container vc_col-sm-6 text-left\"><div class=\"vc_column-inner\"><div class=\"wpb_wrapper\"><div class=\"d-inline-block\" ><div class=\"vc_custom_1653864513594   text-left d-inline-block  w-100 rounded-0\"  ><img loading=\"lazy\" decoding=\"async\" class=\"card-img2 pix-img-elem rounded-0  h-1002\" style=\"height:auto;\" width=\"754\" height=\"565\" srcset=\"https:\/\/aquaconsult.ee\/wp-content\/uploads\/2022\/05\/Ljubljana-2018-1.jpg 754w, https:\/\/aquaconsult.ee\/wp-content\/uploads\/2022\/05\/Ljubljana-2018-1-300x225.jpg 300w, https:\/\/aquaconsult.ee\/wp-content\/uploads\/2022\/05\/Ljubljana-2018-1-16x12.jpg 16w, https:\/\/aquaconsult.ee\/wp-content\/uploads\/2022\/05\/Ljubljana-2018-1-600x450.jpg 600w\" sizes=\"(max-width: 754px) 100vw, 754px\" src=\"https:\/\/aquaconsult.ee\/wp-content\/uploads\/2022\/05\/Ljubljana-2018-1.jpg\" alt=\"\" \/><\/div><\/div><div class=\"d-inline-block\" ><div class=\"text-left d-inline-block  w-100 rounded-0\"  ><img loading=\"lazy\" decoding=\"async\" class=\"card-img2 pix-img-elem rounded-0  h-1002\" style=\"height:auto;\" width=\"1200\" height=\"800\" srcset=\"https:\/\/aquaconsult.ee\/wp-content\/uploads\/2022\/05\/Ljubljana-2018-A-1.jpeg 1200w, https:\/\/aquaconsult.ee\/wp-content\/uploads\/2022\/05\/Ljubljana-2018-A-1-300x200.jpeg 300w, https:\/\/aquaconsult.ee\/wp-content\/uploads\/2022\/05\/Ljubljana-2018-A-1-1024x683.jpeg 1024w, https:\/\/aquaconsult.ee\/wp-content\/uploads\/2022\/05\/Ljubljana-2018-A-1-768x512.jpeg 768w, https:\/\/aquaconsult.ee\/wp-content\/uploads\/2022\/05\/Ljubljana-2018-A-1-16x12.jpeg 16w\" sizes=\"(max-width: 1200px) 100vw, 1200px\" src=\"https:\/\/aquaconsult.ee\/wp-content\/uploads\/2022\/05\/Ljubljana-2018-A-1.jpeg\" alt=\"\" \/><\/div><\/div><\/div><\/div><\/div><\/div>","protected":false},"excerpt":{"rendered":"Ljubljana reoveepuhasti laiendamise projekteerimine (550 000 ie) 2018-2022 Tellija Vodovod-Kanalizacija d.o.o Ljubljana reoveepuhasti laiendamine koormuselt 360 000 ie koormuseni 550 000ie, Qd=117\u00a000\u00a0m3\/d Reoveepuhastus uued eelsetitid neljas liinis; kaskaad-denitrifikatsiooniga l\u00e4mmastiku\u00e4rastuse tehnoloogia; keemiline fosfori\u00e4rastus; kangasfiltratsioon; purgimiss\u00f5lm. Settek\u00e4itlus Veolia OTV tugi metaank\u00e4\u00e4ritusega settek\u00e4itluse...","protected":false},"author":1,"featured_media":0,"parent":0,"menu_order":0,"comment_status":"closed","ping_status":"closed","template":"","meta":{"footnotes":""},"_links":{"self":[{"href":"https:\/\/aquaconsult.ee\/en\/wp-json\/wp\/v2\/pages\/13756"}],"collection":[{"href":"https:\/\/aquaconsult.ee\/en\/wp-json\/wp\/v2\/pages"}],"about":[{"href":"https:\/\/aquaconsult.ee\/en\/wp-json\/wp\/v2\/types\/page"}],"author":[{"embeddable":true,"href":"https:\/\/aquaconsult.ee\/en\/wp-json\/wp\/v2\/users\/1"}],"replies":[{"embeddable":true,"href":"https:\/\/aquaconsult.ee\/en\/wp-json\/wp\/v2\/comments?post=13756"}],"version-history":[{"count":4,"href":"https:\/\/aquaconsult.ee\/en\/wp-json\/wp\/v2\/pages\/13756\/revisions"}],"predecessor-version":[{"id":13762,"href":"https:\/\/aquaconsult.ee\/en\/wp-json\/wp\/v2\/pages\/13756\/revisions\/13762"}],"wp:attachment":[{"href":"https:\/\/aquaconsult.ee\/en\/wp-json\/wp\/v2\/media?parent=13756"}],"curies":[{"name":"wp","href":"https:\/\/api.w.org\/{rel}","templated":true}]}}