{"id":13763,"date":"2022-05-29T22:49:34","date_gmt":"2022-05-29T22:49:34","guid":{"rendered":"https:\/\/aquaconsult.ee\/?page_id=13763"},"modified":"2022-05-29T22:58:47","modified_gmt":"2022-05-29T22:58:47","slug":"ljubljana-reoveepuhasti-2020","status":"publish","type":"page","link":"https:\/\/aquaconsult.ee\/en\/ljubljana-reoveepuhasti-2020\/","title":{"rendered":"ljubljana reoveepuhasti 2020"},"content":{"rendered":"<div class=\"vc_row wpb_row vc_row-fluid vc_row_visible\"><div class=\"wpb_column vc_column_container vc_col-sm-12 text-left\"><div class=\"vc_column-inner\"><div class=\"wpb_wrapper\"><div  class=\"text-center  vc_custom_1653864820352\"><div><div class=\"slide-in-container\"><h3 class=\"text-heading-default font-weight-bold el-title_custom_color mb-12\" style=\"\" data-anim-type=\"\" data-anim-delay=\"0\">Designing of Ljubljana wastewater treatment plant secondary settlement tank (550,000 PE) 2020-2021<\/h3><\/div><\/div><\/div><\/div><\/div><\/div><\/div><div data-vc-full-width=\"true\" data-vc-full-width-init=\"false\" class=\"vc_row wpb_row vc_row-fluid vc_row_visible vc_custom_1653168563397 vc_row-has-fill vc_row-o-content-middle vc_row-flex\"><div class=\"wpb_column vc_column_container vc_col-sm-12 text-left\"><div class=\"vc_column-inner\"><div class=\"wpb_wrapper\">\n\t<div class=\"wpb_text_column wpb_content_element\" >\n\t\t<div class=\"wpb_wrapper\">\n\t\t\t<p><strong>  <span class=\"TextRun SCXW149192473 BCX0\" lang=\"SV-SE\" xml:lang=\"SV-SE\" data-contrast=\"auto\"><span class=\"NormalTextRun SCXW149192473 BCX0\">Customer:\u00a0<\/span> Vodovod-Kanalizacija d.o.o, Riko Invest, investiranje in svetovanje, d.o.o. <\/span><\/strong><\/p>\n<p class=\"p1\">Wastewater treatment plant load 550,000 PE, Q=117,000 m\u00b3\/d<\/p>\n\n\t\t<\/div>\n\t<\/div>\n<\/div><\/div><\/div><\/div><div class=\"vc_row-full-width vc_clearfix\"><\/div><div class=\"vc_row wpb_row vc_row-fluid vc_row_visible\"><div class=\"wpb_column vc_column_container vc_col-sm-6 text-left\"><div class=\"vc_column-inner\"><div class=\"wpb_wrapper\">\n\t<div class=\"wpb_text_column wpb_content_element\" >\n\t\t<div class=\"wpb_wrapper\">\n\t\t\t<p><strong>Wastewater treatment plant<\/strong><span data-ccp-props=\"{&quot;335559740&quot;:288}\">\u00a0<\/span><\/p>\n<ul>\n<li data-leveltext=\"-\" data-font=\"Cambria\" data-listid=\"2\" data-list-defn-props=\"{&quot;335551671&quot;:3,&quot;335552541&quot;:1,&quot;335559684&quot;:-2,&quot;335559685&quot;:720,&quot;335559991&quot;:360,&quot;469769226&quot;:&quot;Cambria&quot;,&quot;469769242&quot;:&#091;8226&#093;,&quot;469777803&quot;:&quot;left&quot;,&quot;469777804&quot;:&quot;-&quot;,&quot;469777815&quot;:&quot;hybridMultilevel&quot;}\" aria-setsize=\"-1\" data-aria-posinset=\"3\" data-aria-level=\"1\"><span data-contrast=\"auto\">r\u00f5htsetitite dimensioneerimine<\/span><span data-ccp-props=\"{&quot;335559740&quot;:288}\">\u00a0<\/span><\/li>\n<li data-leveltext=\"-\" data-font=\"Cambria\" data-listid=\"2\" data-list-defn-props=\"{&quot;335551671&quot;:3,&quot;335552541&quot;:1,&quot;335559684&quot;:-2,&quot;335559685&quot;:720,&quot;335559991&quot;:360,&quot;469769226&quot;:&quot;Cambria&quot;,&quot;469769242&quot;:&#091;8226&#093;,&quot;469777803&quot;:&quot;left&quot;,&quot;469777804&quot;:&quot;-&quot;,&quot;469777815&quot;:&quot;hybridMultilevel&quot;}\" aria-setsize=\"-1\" data-aria-posinset=\"3\" data-aria-level=\"1\"><span data-contrast=\"auto\">uued j\u00e4relsetitite kaabid ja rennid neljas liinis.<\/span><\/li>\n<\/ul>\n<p>&nbsp;<\/p>\n<p><strong>Services offered\u00a0<\/strong><\/p>\n<ul>\n<li data-leveltext=\"-\" data-font=\"Cambria\" data-listid=\"2\" data-list-defn-props=\"{&quot;335551671&quot;:3,&quot;335552541&quot;:1,&quot;335559684&quot;:-2,&quot;335559685&quot;:720,&quot;335559991&quot;:360,&quot;469769226&quot;:&quot;Cambria&quot;,&quot;469769242&quot;:&#091;8226&#093;,&quot;469777803&quot;:&quot;left&quot;,&quot;469777804&quot;:&quot;-&quot;,&quot;469777815&quot;:&quot;hybridMultilevel&quot;}\" aria-setsize=\"-1\" data-aria-posinset=\"3\" data-aria-level=\"1\"><span data-contrast=\"auto\">kontseptsiooni v\u00e4ljat\u00f6\u00f6tamine<\/span><span data-ccp-props=\"{&quot;335559740&quot;:288}\">\u00a0<\/span><\/li>\n<li data-leveltext=\"-\" data-font=\"Cambria\" data-listid=\"2\" data-list-defn-props=\"{&quot;335551671&quot;:3,&quot;335552541&quot;:1,&quot;335559684&quot;:-2,&quot;335559685&quot;:720,&quot;335559991&quot;:360,&quot;469769226&quot;:&quot;Cambria&quot;,&quot;469769242&quot;:&#091;8226&#093;,&quot;469777803&quot;:&quot;left&quot;,&quot;469777804&quot;:&quot;-&quot;,&quot;469777815&quot;:&quot;hybridMultilevel&quot;}\" aria-setsize=\"-1\" data-aria-posinset=\"3\" data-aria-level=\"1\"><span data-contrast=\"auto\">Detailed design,<\/span><span data-ccp-props=\"{&quot;335559740&quot;:288}\">\u00a0<\/span><\/li>\n<li data-leveltext=\"-\" data-font=\"Cambria\" data-listid=\"2\" data-list-defn-props=\"{&quot;335551671&quot;:3,&quot;335552541&quot;:1,&quot;335559684&quot;:-2,&quot;335559685&quot;:720,&quot;335559991&quot;:360,&quot;469769226&quot;:&quot;Cambria&quot;,&quot;469769242&quot;:&#091;8226&#093;,&quot;469777803&quot;:&quot;left&quot;,&quot;469777804&quot;:&quot;-&quot;,&quot;469777815&quot;:&quot;hybridMultilevel&quot;}\" aria-setsize=\"-1\" data-aria-posinset=\"3\" data-aria-level=\"1\"><span data-contrast=\"auto\">Construction document,<\/span><span data-ccp-props=\"{&quot;335559740&quot;:288}\">\u00a0<\/span><\/li>\n<li data-leveltext=\"-\" data-font=\"Cambria\" data-listid=\"2\" data-list-defn-props=\"{&quot;335551671&quot;:3,&quot;335552541&quot;:1,&quot;335559684&quot;:-2,&quot;335559685&quot;:720,&quot;335559991&quot;:360,&quot;469769226&quot;:&quot;Cambria&quot;,&quot;469769242&quot;:&#091;8226&#093;,&quot;469777803&quot;:&quot;left&quot;,&quot;469777804&quot;:&quot;-&quot;,&quot;469777815&quot;:&quot;hybridMultilevel&quot;}\" aria-setsize=\"-1\" data-aria-posinset=\"3\" data-aria-level=\"1\"><span data-contrast=\"auto\">Start-up and experiments<\/span><span data-ccp-props=\"{&quot;335559740&quot;:288}\">\u00a0<\/span><\/li>\n<\/ul>\n\n\t\t<\/div>\n\t<\/div>\n<\/div><\/div><\/div><div class=\"wpb_column vc_column_container vc_col-sm-6 text-left\"><div class=\"vc_column-inner\"><div class=\"wpb_wrapper\"><div class=\"d-inline-block\" ><div class=\"vc_custom_1653864869550   text-left d-inline-block  w-100 rounded-0\"  ><img loading=\"lazy\" decoding=\"async\" class=\"card-img2 pix-img-elem rounded-0  h-1002\" style=\"height:auto;\" width=\"1920\" height=\"2560\" srcset=\"https:\/\/aquaconsult.ee\/wp-content\/uploads\/2022\/05\/Ljubljana-2020-A-1-1-scaled.jpg 1920w, https:\/\/aquaconsult.ee\/wp-content\/uploads\/2022\/05\/Ljubljana-2020-A-1-1-225x300.jpg 225w, https:\/\/aquaconsult.ee\/wp-content\/uploads\/2022\/05\/Ljubljana-2020-A-1-1-768x1024.jpg 768w, https:\/\/aquaconsult.ee\/wp-content\/uploads\/2022\/05\/Ljubljana-2020-A-1-1-1152x1536.jpg 1152w, https:\/\/aquaconsult.ee\/wp-content\/uploads\/2022\/05\/Ljubljana-2020-A-1-1-1536x2048.jpg 1536w, https:\/\/aquaconsult.ee\/wp-content\/uploads\/2022\/05\/Ljubljana-2020-A-1-1-9x12.jpg 9w\" sizes=\"(max-width: 1920px) 100vw, 1920px\" src=\"https:\/\/aquaconsult.ee\/wp-content\/uploads\/2022\/05\/Ljubljana-2020-A-1-1-scaled.jpg\" alt=\"\" \/><\/div><\/div><div class=\"d-inline-block\" ><div class=\"text-left d-inline-block  w-100 rounded-0\"  ><img loading=\"lazy\" decoding=\"async\" class=\"card-img2 pix-img-elem rounded-0  h-1002\" style=\"height:auto;\" width=\"2560\" height=\"1920\" srcset=\"https:\/\/aquaconsult.ee\/wp-content\/uploads\/2022\/05\/Ljubljana-2020-B-1-scaled.jpg 2560w, https:\/\/aquaconsult.ee\/wp-content\/uploads\/2022\/05\/Ljubljana-2020-B-1-300x225.jpg 300w, https:\/\/aquaconsult.ee\/wp-content\/uploads\/2022\/05\/Ljubljana-2020-B-1-1024x768.jpg 1024w, https:\/\/aquaconsult.ee\/wp-content\/uploads\/2022\/05\/Ljubljana-2020-B-1-768x576.jpg 768w, https:\/\/aquaconsult.ee\/wp-content\/uploads\/2022\/05\/Ljubljana-2020-B-1-1536x1152.jpg 1536w, https:\/\/aquaconsult.ee\/wp-content\/uploads\/2022\/05\/Ljubljana-2020-B-1-2048x1536.jpg 2048w, https:\/\/aquaconsult.ee\/wp-content\/uploads\/2022\/05\/Ljubljana-2020-B-1-16x12.jpg 16w, https:\/\/aquaconsult.ee\/wp-content\/uploads\/2022\/05\/Ljubljana-2020-B-1-600x450.jpg 600w\" sizes=\"(max-width: 2560px) 100vw, 2560px\" src=\"https:\/\/aquaconsult.ee\/wp-content\/uploads\/2022\/05\/Ljubljana-2020-B-1-scaled.jpg\" alt=\"\" \/><\/div><\/div><\/div><\/div><\/div><\/div>","protected":false},"excerpt":{"rendered":"Ljubljana reoveepuhasti j\u00e4relsetitite projekteerimine (550\u202f000\u202fie) 2020-2021 Tellija\u00a0 Vodovod-Kanalizacija d.o.o, Riko Invest, investiranje in svetovanje, d.o.o. Ljubljana reoveepuhasti j\u00e4relsetitite laiendamine 550\u202f000ie, Qd=117\u202f00\u202fm3\/d Reoveepuhastus\u00a0 r\u00f5htsetitite dimensioneerimine\u00a0 uued j\u00e4relsetitite kaabid ja rennid neljas liinis. &nbsp; Osutatud teenused:\u00a0 kontseptsiooni v\u00e4ljat\u00f6\u00f6tamine\u00a0 p\u00f5hiprojekt;\u00a0 t\u00f6\u00f6projekt;\u00a0 tehnoloogia k\u00e4ivitus...","protected":false},"author":1,"featured_media":0,"parent":0,"menu_order":0,"comment_status":"closed","ping_status":"closed","template":"","meta":{"footnotes":""},"_links":{"self":[{"href":"https:\/\/aquaconsult.ee\/en\/wp-json\/wp\/v2\/pages\/13763"}],"collection":[{"href":"https:\/\/aquaconsult.ee\/en\/wp-json\/wp\/v2\/pages"}],"about":[{"href":"https:\/\/aquaconsult.ee\/en\/wp-json\/wp\/v2\/types\/page"}],"author":[{"embeddable":true,"href":"https:\/\/aquaconsult.ee\/en\/wp-json\/wp\/v2\/users\/1"}],"replies":[{"embeddable":true,"href":"https:\/\/aquaconsult.ee\/en\/wp-json\/wp\/v2\/comments?post=13763"}],"version-history":[{"count":5,"href":"https:\/\/aquaconsult.ee\/en\/wp-json\/wp\/v2\/pages\/13763\/revisions"}],"predecessor-version":[{"id":13770,"href":"https:\/\/aquaconsult.ee\/en\/wp-json\/wp\/v2\/pages\/13763\/revisions\/13770"}],"wp:attachment":[{"href":"https:\/\/aquaconsult.ee\/en\/wp-json\/wp\/v2\/media?parent=13763"}],"curies":[{"name":"wp","href":"https:\/\/api.w.org\/{rel}","templated":true}]}}