{"id":13776,"date":"2022-05-29T23:06:13","date_gmt":"2022-05-29T23:06:13","guid":{"rendered":"https:\/\/aquaconsult.ee\/?page_id=13776"},"modified":"2022-05-29T23:12:15","modified_gmt":"2022-05-29T23:12:15","slug":"voru-reoveepuhasti","status":"publish","type":"page","link":"https:\/\/aquaconsult.ee\/en\/voru-reoveepuhasti\/","title":{"rendered":"voru-reoveepuhasti"},"content":{"rendered":"<div class=\"vc_row wpb_row vc_row-fluid vc_row_visible\"><div class=\"wpb_column vc_column_container vc_col-sm-12 text-left\"><div class=\"vc_column-inner\"><div class=\"wpb_wrapper\"><div  class=\"text-center  vc_custom_1653865629279\"><div><div class=\"slide-in-container\"><h3 class=\"text-heading-default font-weight-bold el-title_custom_color mb-12\" style=\"\" data-anim-type=\"\" data-anim-delay=\"0\">Design works of V\u00f5ru wastewater treatment plant enlargement  (27600 \u202fPE) 2020-2021<\/h3><\/div><\/div><\/div><\/div><\/div><\/div><\/div><div class=\"vc_row wpb_row vc_row-fluid vc_row_visible vc_custom_1653865922547 vc_row-has-fill vc_row-o-content-top vc_row-flex\"><div class=\"wpb_column vc_column_container vc_col-sm-6 text-left\"><div class=\"vc_column-inner\"><div class=\"wpb_wrapper\">\n\t<div class=\"wpb_text_column wpb_content_element\" >\n\t\t<div class=\"wpb_wrapper\">\n\t\t\t<p><strong>  <span class=\"TextRun SCXW30796581 BCX0\" lang=\"SV-SE\" xml:lang=\"SV-SE\" data-contrast=\"auto\"><span class=\"SpellingError SCXW30796581 BCX0\">Customer:<\/span> <\/span> <span class=\"TextRun SCXW30796581 BCX0\" lang=\"SV-SE\" xml:lang=\"SV-SE\" data-contrast=\"auto\"><span class=\"NormalTextRun SCXW30796581 BCX0\">V<\/span><\/span><span class=\"TextRun SCXW30796581 BCX0\" lang=\"SV-SE\" xml:lang=\"SV-SE\" data-contrast=\"auto\"><span class=\"NormalTextRun SCXW30796581 BCX0\">\u00f5<\/span><\/span><span class=\"TextRun SCXW30796581 BCX0\" lang=\"SV-SE\" xml:lang=\"SV-SE\" data-contrast=\"auto\"><span class=\"NormalTextRun SCXW30796581 BCX0\">ru <\/span><span class=\"SpellingError SCXW30796581 BCX0\">Vesi<\/span><span class=\"NormalTextRun SCXW30796581 BCX0\"> AS<\/span><\/span><span class=\"EOP SCXW30796581 BCX0\" data-ccp-props=\"{}\">\u00a0<\/span><\/strong><\/p>\n<p>&nbsp;<\/p>\n<p><strong>V\u00f5ru wastewater treatment plant load after enlargement is 27 600 PE, Qkesk=3 500 m3\/d<\/strong><\/p>\n<ul>\n<li>Distributor unit to lead wastewater from main pumping station to treatment plant of emergency tank,<\/li>\n<li>\u00a0Coarse screen for wastewater from V\u00e4imela, Parksepa and Kirump\u00e4\u00e4 line,<\/li>\n<li>Preliminary purification with fine screen and grit chamber,<\/li>\n<li>Reception station for liquid waste preliminary purification,<\/li>\n<li>Equalization tank (1000 m\u00b3) and emergency tank,<\/li>\n<li>One stage SBR (sequencing batch reactor) biological treatment for removal of carbon N and P compounds \u2013 adding third line ( V=2750m3),<\/li>\n<li>Chemical P removal (secondary),<\/li>\n<li>Reconstruction of equalization tank to aerobic stabilization  (2x 350 m\u00b3),<\/li>\n<li>New sludge dewatering unit,<\/li>\n<li>Heated reception and collection tank for grease waste made of PE plastic (20 m\u00b3),<\/li>\n<li>Windrow composting extension (additional composting fields).<\/li>\n<\/ul>\n<p>&nbsp;<\/p>\n<p><strong>Service offered<\/strong><\/p>\n<ul>\n<li>Pre-design studies (geodesy, geology, pollution load);<\/li>\n<li>Preliminary design (incl technological design);<\/li>\n<li>Construction documents and specification;<\/li>\n<li>Services during construction;<\/li>\n<li>Consulting customer and constructor during start-up period,<\/li>\n<li>Start-up of the process and optimization.<\/li>\n<\/ul>\n<p>&nbsp;<\/p>\n<p><strong>V\u00f5ru wastewater treatment plant, V\u00f5ru Vesi AS<\/strong><\/p>\n\n\t\t<\/div>\n\t<\/div>\n<\/div><\/div><\/div><div class=\"wpb_column vc_column_container vc_col-sm-6 text-left\"><div class=\"vc_column-inner\"><div class=\"wpb_wrapper\"><div class=\"d-inline-block\" ><div class=\"text-left d-inline-block  w-100 rounded-0\"  ><img loading=\"lazy\" decoding=\"async\" class=\"card-img2 pix-img-elem rounded-0  h-1002\" style=\"height:auto;\" width=\"2560\" height=\"1920\" srcset=\"https:\/\/aquaconsult.ee\/wp-content\/uploads\/2022\/05\/Voru-2020-1-scaled.jpg 2560w, https:\/\/aquaconsult.ee\/wp-content\/uploads\/2022\/05\/Voru-2020-1-300x225.jpg 300w, https:\/\/aquaconsult.ee\/wp-content\/uploads\/2022\/05\/Voru-2020-1-1024x768.jpg 1024w, https:\/\/aquaconsult.ee\/wp-content\/uploads\/2022\/05\/Voru-2020-1-768x576.jpg 768w, https:\/\/aquaconsult.ee\/wp-content\/uploads\/2022\/05\/Voru-2020-1-1536x1152.jpg 1536w, https:\/\/aquaconsult.ee\/wp-content\/uploads\/2022\/05\/Voru-2020-1-2048x1536.jpg 2048w, https:\/\/aquaconsult.ee\/wp-content\/uploads\/2022\/05\/Voru-2020-1-16x12.jpg 16w, https:\/\/aquaconsult.ee\/wp-content\/uploads\/2022\/05\/Voru-2020-1-600x450.jpg 600w\" sizes=\"(max-width: 2560px) 100vw, 2560px\" src=\"https:\/\/aquaconsult.ee\/wp-content\/uploads\/2022\/05\/Voru-2020-1-scaled.jpg\" alt=\"\" \/><\/div><\/div><\/div><\/div><\/div><\/div>","protected":false},"excerpt":{"rendered":"V\u00f5ru reoveepuhasti laiendamise projekteerimist\u00f6\u00f6d (27600 \u202fIE) 2020-2021 Tellija V\u00f5ru Vesi AS\u00a0 &nbsp; V\u00f5ru reoveepuhasti laiendamise j\u00e4rgne koormus 27\u202f600ie, Qkesk=3\u202f500\u202fm3\/d jaotuss\u00f5lm peapumpla reovee juhtimiseks puhastile v\u00f5i avariimahutisse; \u00a0j\u00e4mev\u00f5re V\u00e4imela, Parksepa ja Kirump\u00e4\u00e4 voogude vastuv\u00f5ttuks; eelpuhastus peenv\u00f5re ja liivap\u00fc\u00fcnisega; purgimiss\u00f5lm vedelj\u00e4\u00e4tmete eelpuhastuseks;...","protected":false},"author":1,"featured_media":0,"parent":0,"menu_order":0,"comment_status":"closed","ping_status":"closed","template":"","meta":{"footnotes":""},"_links":{"self":[{"href":"https:\/\/aquaconsult.ee\/en\/wp-json\/wp\/v2\/pages\/13776"}],"collection":[{"href":"https:\/\/aquaconsult.ee\/en\/wp-json\/wp\/v2\/pages"}],"about":[{"href":"https:\/\/aquaconsult.ee\/en\/wp-json\/wp\/v2\/types\/page"}],"author":[{"embeddable":true,"href":"https:\/\/aquaconsult.ee\/en\/wp-json\/wp\/v2\/users\/1"}],"replies":[{"embeddable":true,"href":"https:\/\/aquaconsult.ee\/en\/wp-json\/wp\/v2\/comments?post=13776"}],"version-history":[{"count":4,"href":"https:\/\/aquaconsult.ee\/en\/wp-json\/wp\/v2\/pages\/13776\/revisions"}],"predecessor-version":[{"id":13781,"href":"https:\/\/aquaconsult.ee\/en\/wp-json\/wp\/v2\/pages\/13776\/revisions\/13781"}],"wp:attachment":[{"href":"https:\/\/aquaconsult.ee\/en\/wp-json\/wp\/v2\/media?parent=13776"}],"curies":[{"name":"wp","href":"https:\/\/api.w.org\/{rel}","templated":true}]}}