{"id":13927,"date":"2022-08-26T11:53:56","date_gmt":"2022-08-26T11:53:56","guid":{"rendered":"https:\/\/aquaconsult.ee\/?page_id=13927"},"modified":"2022-08-26T12:36:20","modified_gmt":"2022-08-26T12:36:20","slug":"u-22-08-hazop","status":"publish","type":"page","link":"https:\/\/aquaconsult.ee\/en\/u-22-08-hazop\/","title":{"rendered":"HAZOP for IIWWTW in Qatar"},"content":{"rendered":"<div class=\"vc_row wpb_row vc_row-fluid vc_row_visible\"><div class=\"wpb_column vc_column_container vc_col-sm-12 text-left\"><div class=\"vc_column-inner\"><div class=\"wpb_wrapper\"><div  class=\"text-center\"><div><div class=\"slide-in-container\"><h3 class=\"text-heading-default font-weight-bold el-title_custom_color mb-12\" style=\"\" data-anim-type=\"\" data-anim-delay=\"0\">HAZOP for IIWWTW in Qatar<\/h3><\/div><\/div><\/div><\/div><\/div><\/div><\/div><div data-vc-full-width=\"true\" data-vc-full-width-init=\"false\" class=\"vc_row wpb_row vc_row-fluid vc_row_visible vc_custom_1653168563397 vc_row-has-fill vc_row-o-content-middle vc_row-flex\"><div class=\"wpb_column vc_column_container vc_col-sm-12 text-left\"><div class=\"vc_column-inner\"><div class=\"wpb_wrapper\">\n\t<div class=\"wpb_text_column wpb_content_element\" >\n\t\t<div class=\"wpb_wrapper\">\n\t\t\t<div><\/div>\n<div><\/div>\n<div><span>  aqua consult Baltic has contracted a design consultancy agreement with Larsen &amp; Toubro Ltd to support the design of the Integrated Industrial Wastewater Treatment Works Phase I (IIWWTW) for Ashghal (Public Works Authority) in Doha, Qatar. The plant will provide treatment for up to 10,000m\u00b3\/d of tankered industrial wastewaters arising from light industries generated within the Doha Industrial Area Catchment.<\/span><span lang=\"ET\">\u00b3<\/span><span lang=\"ET\">\/d. <\/span><\/div>\n\n\t\t<\/div>\n\t<\/div>\n<\/div><\/div><\/div><\/div><div class=\"vc_row-full-width vc_clearfix\"><\/div><div class=\"vc_row wpb_row vc_row-fluid vc_row_visible\"><div class=\"wpb_column vc_column_container vc_col-sm-6 text-left\"><div class=\"vc_column-inner\"><div class=\"wpb_wrapper\">\n\t<div class=\"wpb_text_column wpb_content_element\" >\n\t\t<div class=\"wpb_wrapper\">\n\t\t\t<div><span lang=\"ET\">In June 2022 we did participate the HAZOP 2 Study Report in Doha. It was our pleasure to work with such a competent team on this challenging project.<\/span><\/div>\n\n\t\t<\/div>\n\t<\/div>\n<\/div><\/div><\/div><div class=\"wpb_column vc_column_container vc_col-sm-6 text-left\"><div class=\"vc_column-inner\"><div class=\"wpb_wrapper\"><div class=\"d-inline-block\" ><div class=\"text-left d-inline-block  w-100 rounded-0\"  ><img loading=\"lazy\" decoding=\"async\" class=\"card-img2 pix-img-elem rounded-0  h-1002\" style=\"height:auto;\" width=\"1024\" height=\"632\" srcset=\"https:\/\/aquaconsult.ee\/wp-content\/uploads\/2022\/08\/4.-U-22-08.jpg 1024w, https:\/\/aquaconsult.ee\/wp-content\/uploads\/2022\/08\/4.-U-22-08-300x185.jpg 300w, https:\/\/aquaconsult.ee\/wp-content\/uploads\/2022\/08\/4.-U-22-08-768x474.jpg 768w, https:\/\/aquaconsult.ee\/wp-content\/uploads\/2022\/08\/4.-U-22-08-18x12.jpg 18w\" sizes=\"(max-width: 1024px) 100vw, 1024px\" src=\"https:\/\/aquaconsult.ee\/wp-content\/uploads\/2022\/08\/4.-U-22-08.jpg\" alt=\"\" \/><\/div><\/div><\/div><\/div><\/div><\/div>","protected":false},"excerpt":{"rendered":"T\u00f6\u00f6stusreoveepuhasti HAZOP Kataris Seoses Katari suurima ja komplekssema t\u00f6\u00f6stusreoveepuhasti projekteerimise ja ehitusega n\u00f5ustab aqua consult Baltic reoveepuhastuse tehnoloogiat India ettev\u00f5ttele Larsen &amp; Toubro Ltd. Projektiga rajab Ashghal integreeritud t\u00f6\u00f6stusreoveepuhasti esimese etapi, mis puhastab paakautodega puhastile toodud Doha t\u00f6\u00f6stuspiirkonna ettev\u00f5tete reovett....","protected":false},"author":4,"featured_media":0,"parent":0,"menu_order":0,"comment_status":"closed","ping_status":"closed","template":"","meta":{"footnotes":""},"_links":{"self":[{"href":"https:\/\/aquaconsult.ee\/en\/wp-json\/wp\/v2\/pages\/13927"}],"collection":[{"href":"https:\/\/aquaconsult.ee\/en\/wp-json\/wp\/v2\/pages"}],"about":[{"href":"https:\/\/aquaconsult.ee\/en\/wp-json\/wp\/v2\/types\/page"}],"author":[{"embeddable":true,"href":"https:\/\/aquaconsult.ee\/en\/wp-json\/wp\/v2\/users\/4"}],"replies":[{"embeddable":true,"href":"https:\/\/aquaconsult.ee\/en\/wp-json\/wp\/v2\/comments?post=13927"}],"version-history":[{"count":9,"href":"https:\/\/aquaconsult.ee\/en\/wp-json\/wp\/v2\/pages\/13927\/revisions"}],"predecessor-version":[{"id":13952,"href":"https:\/\/aquaconsult.ee\/en\/wp-json\/wp\/v2\/pages\/13927\/revisions\/13952"}],"wp:attachment":[{"href":"https:\/\/aquaconsult.ee\/en\/wp-json\/wp\/v2\/media?parent=13927"}],"curies":[{"name":"wp","href":"https:\/\/api.w.org\/{rel}","templated":true}]}}