{"id":13971,"date":"2022-11-02T18:53:20","date_gmt":"2022-11-02T18:53:20","guid":{"rendered":"https:\/\/aquaconsult.ee\/?page_id=13971"},"modified":"2022-11-02T19:04:05","modified_gmt":"2022-11-02T19:04:05","slug":"tehtud-tood","status":"publish","type":"page","link":"https:\/\/aquaconsult.ee\/en\/tehtud-tood\/","title":{"rendered":"References"},"content":{"rendered":"<section data-vc-full-width=\"true\" data-vc-full-width-init=\"false\" class=\"vc_section vc_section_visible vc_custom_1592789280393 vc_section-has-fill\" data-section-name=\"\"><div class=\"vc_row wpb_row vc_row-fluid vc_row_visible\"><div class=\"wpb_column vc_column_container vc_col-sm-12 text-left\"><div class=\"vc_column-inner\"><div class=\"wpb_wrapper\"><div  class=\"text-center  vc_custom_1667415843265\"><div><div class=\"slide-in-container\"><h1 class=\"text-heading-default font-weight-bold el-title_custom_color mb-12\" style=\"\" data-anim-type=\"\" data-anim-delay=\"0\">References<\/h1><\/div><\/div><\/div><\/div><\/div><\/div><\/div><div data-vc-full-width=\"true\" data-vc-full-width-init=\"false\" class=\"vc_row wpb_row vc_row-fluid vc_row_visible\"><div class=\"wpb_column vc_column_container vc_col-sm-12 vc_col-md-offset-1 vc_col-md-10 text-center\"><div class=\"vc_column-inner\"><div class=\"wpb_wrapper\"><div class=\"pix-content-box card      vc_custom_1591623903362    rounded-10 shadow shadow-hover-lg fly-sm animate-in bg- w-100\"  data-anim-type=\"fade-in-up\" data-anim-delay=\"0\"><div class=\"\" style=\"z-index:30;position:relative;\"><div class=\"vc_row wpb_row vc_inner vc_row-fluid vc_row-o-content-middle vc_row-flex\"><div class=\"wpb_column vc_column_container vc_col-sm-3 text-left\"><div class=\"vc_column-inner\"><div class=\"wpb_wrapper\"><div class=\"pix-img-div  text-center\"><div class=\"animate-in  d-inline-block\" data-anim-type=\"fade-in\" data-anim-delay=\"0\"><div class=\"text-center d-inline-block  w-100 rounded-0\"  ><img loading=\"lazy\" decoding=\"async\" class=\"card-img2 pix-img-elem rounded-0  h-1002\" style=\"height:auto;\" width=\"2560\" height=\"1920\" srcset=\"https:\/\/aquaconsult.ee\/wp-content\/uploads\/2022\/05\/Voru-2020-1-scaled.jpg 2560w, https:\/\/aquaconsult.ee\/wp-content\/uploads\/2022\/05\/Voru-2020-1-300x225.jpg 300w, https:\/\/aquaconsult.ee\/wp-content\/uploads\/2022\/05\/Voru-2020-1-1024x768.jpg 1024w, https:\/\/aquaconsult.ee\/wp-content\/uploads\/2022\/05\/Voru-2020-1-768x576.jpg 768w, https:\/\/aquaconsult.ee\/wp-content\/uploads\/2022\/05\/Voru-2020-1-1536x1152.jpg 1536w, https:\/\/aquaconsult.ee\/wp-content\/uploads\/2022\/05\/Voru-2020-1-2048x1536.jpg 2048w, https:\/\/aquaconsult.ee\/wp-content\/uploads\/2022\/05\/Voru-2020-1-16x12.jpg 16w, https:\/\/aquaconsult.ee\/wp-content\/uploads\/2022\/05\/Voru-2020-1-600x450.jpg 600w\" sizes=\"(max-width: 2560px) 100vw, 2560px\" src=\"https:\/\/aquaconsult.ee\/wp-content\/uploads\/2022\/05\/Voru-2020-1-scaled.jpg\" alt=\"\" \/><\/div><\/div><\/div><\/div><\/div><\/div><div class=\"wpb_column vc_column_container vc_col-sm-9 text-left\"><div class=\"vc_column-inner\"><div class=\"wpb_wrapper\"><div class=\"mb-3 text-left\"><div class=\"d-inline-block\" style=\"max-width:500px;\"><h4 class=\"mb-32 pix-sliding-headline font-weight-bold secondary-font\" data-class=\"secondary-font text-gray-8\" data-style=\"\">Design works of V\u00f5ru wastewater treatment plant enlargement  (27600 \u202fPE) 2020-2021<\/h4><\/div><\/div><a  href=\"https:\/\/aquaconsult.ee\/en\/voru-reoveepuhasti\/\" class=\"btn mb-2     btn-primary d-inline-block      btn-md\"     ><span>  More..<\/span><\/a><\/div><\/div><\/div><\/div><\/div><\/div><\/div><\/div><\/div><\/div><div class=\"vc_row-full-width vc_clearfix\"><\/div><div data-vc-full-width=\"true\" data-vc-full-width-init=\"false\" class=\"vc_row wpb_row vc_row-fluid vc_row_visible\"><div class=\"wpb_column vc_column_container vc_col-sm-12 vc_col-md-offset-1 vc_col-md-10 text-center\"><div class=\"vc_column-inner\"><div class=\"wpb_wrapper\"><div class=\"pix-content-box card      vc_custom_1591623903362    rounded-10 shadow shadow-hover-lg fly-sm animate-in bg- w-100\"  data-anim-type=\"fade-in-up\" data-anim-delay=\"0\"><div class=\"\" style=\"z-index:30;position:relative;\"><div class=\"vc_row wpb_row vc_inner vc_row-fluid vc_row-o-content-middle vc_row-flex\"><div class=\"wpb_column vc_column_container vc_col-sm-3 text-left\"><div class=\"vc_column-inner\"><div class=\"wpb_wrapper\"><div class=\"pix-img-div  text-center\"><div class=\"animate-in  d-inline-block\" data-anim-type=\"fade-in\" data-anim-delay=\"0\"><div class=\"text-center d-inline-block  w-100 rounded-0\"  ><img loading=\"lazy\" decoding=\"async\" class=\"card-img2 pix-img-elem rounded-0  h-1002\" style=\"height:auto;\" width=\"754\" height=\"565\" srcset=\"https:\/\/aquaconsult.ee\/wp-content\/uploads\/2022\/05\/Ljubljana-2018-1.jpg 754w, https:\/\/aquaconsult.ee\/wp-content\/uploads\/2022\/05\/Ljubljana-2018-1-300x225.jpg 300w, https:\/\/aquaconsult.ee\/wp-content\/uploads\/2022\/05\/Ljubljana-2018-1-16x12.jpg 16w, https:\/\/aquaconsult.ee\/wp-content\/uploads\/2022\/05\/Ljubljana-2018-1-600x450.jpg 600w\" sizes=\"(max-width: 754px) 100vw, 754px\" src=\"https:\/\/aquaconsult.ee\/wp-content\/uploads\/2022\/05\/Ljubljana-2018-1.jpg\" alt=\"\" \/><\/div><\/div><\/div><\/div><\/div><\/div><div class=\"wpb_column vc_column_container vc_col-sm-9 text-left\"><div class=\"vc_column-inner\"><div class=\"wpb_wrapper\"><div class=\"mb-3 text-left\"><div class=\"d-inline-block\" style=\"max-width:500px;\"><h4 class=\"mb-32 pix-sliding-headline font-weight-bold secondary-font\" data-class=\"secondary-font text-gray-8\" data-style=\"\">Designing of Ljubljana wastewater treatment plant enlargement (550,000 PE) 2018-2022<\/h4><\/div><\/div><a  href=\"https:\/\/aquaconsult.ee\/en\/ljubljana-reoveepuhasti\/\" class=\"btn mb-2     btn-primary d-inline-block      btn-md\"     ><span class=\"font-weight-bold\" >More..<\/span><\/a><\/div><\/div><\/div><\/div><\/div><\/div><\/div><\/div><\/div><\/div><div class=\"vc_row-full-width vc_clearfix\"><\/div><div data-vc-full-width=\"true\" data-vc-full-width-init=\"false\" class=\"vc_row wpb_row vc_row-fluid vc_row_visible\"><div class=\"wpb_column vc_column_container vc_col-sm-12 vc_col-md-offset-1 vc_col-md-10 text-center\"><div class=\"vc_column-inner\"><div class=\"wpb_wrapper\"><div class=\"pix-content-box card      vc_custom_1591623903362    rounded-10 shadow shadow-hover-lg fly-sm animate-in bg- w-100\"  data-anim-type=\"fade-in-up\" data-anim-delay=\"0\"><div class=\"\" style=\"z-index:30;position:relative;\"><div class=\"vc_row wpb_row vc_inner vc_row-fluid vc_row-o-content-middle vc_row-flex\"><div class=\"wpb_column vc_column_container vc_col-sm-3 text-left\"><div class=\"vc_column-inner\"><div class=\"wpb_wrapper\"><div class=\"pix-img-div  text-center\"><div class=\"animate-in  d-inline-block\" data-anim-type=\"fade-in\" data-anim-delay=\"0\"><div class=\"text-center d-inline-block  w-100 rounded-0\"  ><img loading=\"lazy\" decoding=\"async\" class=\"card-img2 pix-img-elem rounded-0  h-1002\" style=\"height:auto;\" width=\"1920\" height=\"2560\" srcset=\"https:\/\/aquaconsult.ee\/wp-content\/uploads\/2022\/05\/Ljubljana-2020-A-1-1-scaled.jpg 1920w, https:\/\/aquaconsult.ee\/wp-content\/uploads\/2022\/05\/Ljubljana-2020-A-1-1-225x300.jpg 225w, https:\/\/aquaconsult.ee\/wp-content\/uploads\/2022\/05\/Ljubljana-2020-A-1-1-768x1024.jpg 768w, https:\/\/aquaconsult.ee\/wp-content\/uploads\/2022\/05\/Ljubljana-2020-A-1-1-1152x1536.jpg 1152w, https:\/\/aquaconsult.ee\/wp-content\/uploads\/2022\/05\/Ljubljana-2020-A-1-1-1536x2048.jpg 1536w, https:\/\/aquaconsult.ee\/wp-content\/uploads\/2022\/05\/Ljubljana-2020-A-1-1-9x12.jpg 9w\" sizes=\"(max-width: 1920px) 100vw, 1920px\" src=\"https:\/\/aquaconsult.ee\/wp-content\/uploads\/2022\/05\/Ljubljana-2020-A-1-1-scaled.jpg\" alt=\"\" \/><\/div><\/div><\/div><\/div><\/div><\/div><div class=\"wpb_column vc_column_container vc_col-sm-9 text-left\"><div class=\"vc_column-inner\"><div class=\"wpb_wrapper\"><div class=\"mb-3 text-left\"><div class=\"d-inline-block\" style=\"max-width:500px;\"><h4 class=\"mb-32 pix-sliding-headline font-weight-bold secondary-font\" data-class=\"secondary-font text-gray-8\" data-style=\"\">Designing of Ljubljana wastewater treatment plant secondary settlement tank (550,000 PE) 2020-2021<\/h4><\/div><\/div><a  href=\"https:\/\/aquaconsult.ee\/en\/ljubljana-reoveepuhasti-2020\/\" class=\"btn mb-2     btn-primary d-inline-block      btn-md\"     ><span class=\"font-weight-bold\" >More..<\/span><\/a><\/div><\/div><\/div><\/div><\/div><\/div><\/div><\/div><\/div><\/div><div class=\"vc_row-full-width vc_clearfix\"><\/div><div data-vc-full-width=\"true\" data-vc-full-width-init=\"false\" class=\"vc_row wpb_row vc_row-fluid vc_row_visible\"><div class=\"wpb_column vc_column_container vc_col-sm-12 vc_col-md-offset-1 vc_col-md-10 text-center\"><div class=\"vc_column-inner\"><div class=\"wpb_wrapper\"><div class=\"pix-content-box card      vc_custom_1591623903362    rounded-10 shadow shadow-hover-lg fly-sm animate-in bg- w-100\"  data-anim-type=\"fade-in-up\" data-anim-delay=\"0\"><div class=\"\" style=\"z-index:30;position:relative;\"><div class=\"vc_row wpb_row vc_inner vc_row-fluid vc_row-o-content-middle vc_row-flex\"><div class=\"wpb_column vc_column_container vc_col-sm-3 text-left\"><div class=\"vc_column-inner\"><div class=\"wpb_wrapper\"><div class=\"pix-img-div  text-center\"><div class=\"animate-in  d-inline-block\" data-anim-type=\"fade-in\" data-anim-delay=\"0\"><div class=\"text-center d-inline-block  w-100 rounded-0\"  ><img loading=\"lazy\" decoding=\"async\" class=\"card-img2 pix-img-elem rounded-0  h-1002\" style=\"height:auto;\" width=\"786\" height=\"524\" srcset=\"https:\/\/aquaconsult.ee\/wp-content\/uploads\/2022\/05\/Po\u0303lva-2017-1.png 786w, https:\/\/aquaconsult.ee\/wp-content\/uploads\/2022\/05\/Po\u0303lva-2017-1-300x200.png 300w, https:\/\/aquaconsult.ee\/wp-content\/uploads\/2022\/05\/Po\u0303lva-2017-1-768x512.png 768w, https:\/\/aquaconsult.ee\/wp-content\/uploads\/2022\/05\/Po\u0303lva-2017-1-16x12.png 16w\" sizes=\"(max-width: 786px) 100vw, 786px\" src=\"https:\/\/aquaconsult.ee\/wp-content\/uploads\/2022\/05\/Po\u0303lva-2017-1.png\" alt=\"\" \/><\/div><\/div><\/div><\/div><\/div><\/div><div class=\"wpb_column vc_column_container vc_col-sm-9 text-left\"><div class=\"vc_column-inner\"><div class=\"wpb_wrapper\"><div class=\"mb-3 text-left\"><div class=\"d-inline-block\" style=\"max-width:500px;\"><h4 class=\"mb-32 pix-sliding-headline font-weight-bold secondary-font\" data-class=\"secondary-font text-gray-8\" data-style=\"\">Reconstruction of P\u00f5lva wastewater treatment plant (36 000 PE) 2017-2019<\/h4><\/div><\/div><a  href=\"https:\/\/aquaconsult.ee\/en\/polva-reoveepuhasti\/\" class=\"btn mb-2     btn-primary d-inline-block      btn-md\"     ><span class=\"font-weight-bold\" >More..<\/span><\/a><\/div><\/div><\/div><\/div><\/div><\/div><\/div><\/div><\/div><\/div><div class=\"vc_row-full-width vc_clearfix\"><\/div><div data-vc-full-width=\"true\" data-vc-full-width-init=\"false\" class=\"vc_row wpb_row vc_row-fluid vc_row_visible\"><div class=\"wpb_column vc_column_container vc_col-sm-12 vc_col-md-offset-1 vc_col-md-10 text-center\"><div class=\"vc_column-inner\"><div class=\"wpb_wrapper\"><div class=\"pix-content-box card      vc_custom_1591623903362    rounded-10 shadow shadow-hover-lg fly-sm animate-in bg- w-100\"  data-anim-type=\"fade-in-up\" data-anim-delay=\"0\"><div class=\"\" style=\"z-index:30;position:relative;\"><div class=\"vc_row wpb_row vc_inner vc_row-fluid vc_row-o-content-middle vc_row-flex\"><div class=\"wpb_column vc_column_container vc_col-sm-3 text-left\"><div class=\"vc_column-inner\"><div class=\"wpb_wrapper\"><div class=\"pix-img-div  text-center\"><div class=\"animate-in  d-inline-block\" data-anim-type=\"fade-in\" data-anim-delay=\"0\"><div class=\"text-center d-inline-block  w-100 rounded-0\"  ><img loading=\"lazy\" decoding=\"async\" class=\"card-img2 pix-img-elem rounded-0  h-1002\" style=\"height:auto;\" width=\"1806\" height=\"1102\" srcset=\"https:\/\/aquaconsult.ee\/wp-content\/uploads\/2022\/05\/Arke-2008-1.png 1806w, https:\/\/aquaconsult.ee\/wp-content\/uploads\/2022\/05\/Arke-2008-1-300x183.png 300w, https:\/\/aquaconsult.ee\/wp-content\/uploads\/2022\/05\/Arke-2008-1-1024x625.png 1024w, https:\/\/aquaconsult.ee\/wp-content\/uploads\/2022\/05\/Arke-2008-1-768x469.png 768w, https:\/\/aquaconsult.ee\/wp-content\/uploads\/2022\/05\/Arke-2008-1-1536x937.png 1536w, https:\/\/aquaconsult.ee\/wp-content\/uploads\/2022\/05\/Arke-2008-1-16x10.png 16w\" sizes=\"(max-width: 1806px) 100vw, 1806px\" src=\"https:\/\/aquaconsult.ee\/wp-content\/uploads\/2022\/05\/Arke-2008-1.png\" alt=\"\" \/><\/div><\/div><\/div><\/div><\/div><\/div><div class=\"wpb_column vc_column_container vc_col-sm-9 text-left\"><div class=\"vc_column-inner\"><div class=\"wpb_wrapper\"><div class=\"mb-3 text-left\"><div class=\"d-inline-block\" style=\"max-width:500px;\"><h4 class=\"mb-32 pix-sliding-headline font-weight-bold secondary-font\" data-class=\"secondary-font text-gray-8\" data-style=\"\">Design of Arke meat factory wastewater treatment plant<\/h4><\/div><\/div><a  href=\"https:\/\/aquaconsult.ee\/en\/arke-lihatoostus\/\" class=\"btn mb-2     btn-primary d-inline-block      btn-md\"     ><span class=\"font-weight-bold\" >More..<\/span><\/a><\/div><\/div><\/div><\/div><\/div><\/div><\/div><\/div><\/div><\/div><div class=\"vc_row-full-width vc_clearfix\"><\/div><div data-vc-full-width=\"true\" data-vc-full-width-init=\"false\" class=\"vc_row wpb_row vc_row-fluid vc_row_visible\"><div class=\"wpb_column vc_column_container vc_col-sm-12 vc_col-md-offset-1 vc_col-md-10 text-center\"><div class=\"vc_column-inner\"><div class=\"wpb_wrapper\"><div class=\"pix-content-box card      vc_custom_1591623903362    rounded-10 shadow shadow-hover-lg fly-sm animate-in bg- w-100\"  data-anim-type=\"fade-in-up\" data-anim-delay=\"0\"><div class=\"\" style=\"z-index:30;position:relative;\"><div class=\"vc_row wpb_row vc_inner vc_row-fluid vc_row-o-content-middle vc_row-flex\"><div class=\"wpb_column vc_column_container vc_col-sm-3 text-left\"><div class=\"vc_column-inner\"><div class=\"wpb_wrapper\"><div class=\"pix-img-div  text-center\"><div class=\"animate-in  d-inline-block\" data-anim-type=\"fade-in\" data-anim-delay=\"0\"><div class=\"text-center d-inline-block  w-100 rounded-0\"  ><img loading=\"lazy\" decoding=\"async\" class=\"card-img2 pix-img-elem rounded-0  h-1002\" style=\"height:auto;\" width=\"2560\" height=\"1707\" srcset=\"https:\/\/aquaconsult.ee\/wp-content\/uploads\/2022\/05\/3.5.-Vaike-scaled.jpg 2560w, https:\/\/aquaconsult.ee\/wp-content\/uploads\/2022\/05\/3.5.-Vaike-300x200.jpg 300w, https:\/\/aquaconsult.ee\/wp-content\/uploads\/2022\/05\/3.5.-Vaike-1024x683.jpg 1024w, https:\/\/aquaconsult.ee\/wp-content\/uploads\/2022\/05\/3.5.-Vaike-768x512.jpg 768w, https:\/\/aquaconsult.ee\/wp-content\/uploads\/2022\/05\/3.5.-Vaike-1536x1024.jpg 1536w, https:\/\/aquaconsult.ee\/wp-content\/uploads\/2022\/05\/3.5.-Vaike-2048x1365.jpg 2048w, https:\/\/aquaconsult.ee\/wp-content\/uploads\/2022\/05\/3.5.-Vaike-16x12.jpg 16w\" sizes=\"(max-width: 2560px) 100vw, 2560px\" src=\"https:\/\/aquaconsult.ee\/wp-content\/uploads\/2022\/05\/3.5.-Vaike-scaled.jpg\" alt=\"\" \/><\/div><\/div><\/div><\/div><\/div><\/div><div class=\"wpb_column vc_column_container vc_col-sm-9 text-left\"><div class=\"vc_column-inner\"><div class=\"wpb_wrapper\"><div class=\"mb-3 text-left\"><div class=\"d-inline-block\" style=\"max-width:500px;\"><h4 class=\"mb-32 pix-sliding-headline font-weight-bold secondary-font\" data-class=\"secondary-font text-gray-8\" data-style=\"\">AS Kalev chocolate factory wastewater anaerobic and aerobic process pretreatment design (10,000 PE) 2006-2008<\/h4><\/div><\/div><a  href=\"https:\/\/aquaconsult.ee\/en\/kalev-kommivabrik\/\" class=\"btn mb-2     btn-primary d-inline-block      btn-md\"     ><span class=\"font-weight-bold\" >More..<\/span><\/a><\/div><\/div><\/div><\/div><\/div><\/div><\/div><\/div><\/div><\/div><div class=\"vc_row-full-width vc_clearfix\"><\/div><div data-vc-full-width=\"true\" data-vc-full-width-init=\"false\" class=\"vc_row wpb_row vc_row-fluid vc_row_visible\"><div class=\"wpb_column vc_column_container vc_col-sm-12 vc_col-md-offset-1 vc_col-md-10 text-center\"><div class=\"vc_column-inner\"><div class=\"wpb_wrapper\"><div class=\"pix-content-box card      vc_custom_1591623903362    rounded-10 shadow shadow-hover-lg fly-sm animate-in bg- w-100\"  data-anim-type=\"fade-in-up\" data-anim-delay=\"0\"><div class=\"\" style=\"z-index:30;position:relative;\"><div class=\"vc_row wpb_row vc_inner vc_row-fluid vc_row-o-content-middle vc_row-flex\"><div class=\"wpb_column vc_column_container vc_col-sm-3 text-left\"><div class=\"vc_column-inner\"><div class=\"wpb_wrapper\"><div class=\"pix-img-div  text-center\"><div class=\"animate-in  d-inline-block\" data-anim-type=\"fade-in\" data-anim-delay=\"0\"><div class=\"text-center d-inline-block  w-100 rounded-0\"  ><img loading=\"lazy\" decoding=\"async\" class=\"card-img2 pix-img-elem rounded-0  h-1002\" style=\"height:auto;\" width=\"1047\" height=\"585\" srcset=\"https:\/\/aquaconsult.ee\/wp-content\/uploads\/2022\/05\/KohtlaJa\u0308rve-2016-1.png 1047w, https:\/\/aquaconsult.ee\/wp-content\/uploads\/2022\/05\/KohtlaJa\u0308rve-2016-1-300x168.png 300w, https:\/\/aquaconsult.ee\/wp-content\/uploads\/2022\/05\/KohtlaJa\u0308rve-2016-1-1024x572.png 1024w, https:\/\/aquaconsult.ee\/wp-content\/uploads\/2022\/05\/KohtlaJa\u0308rve-2016-1-768x429.png 768w, https:\/\/aquaconsult.ee\/wp-content\/uploads\/2022\/05\/KohtlaJa\u0308rve-2016-1-16x9.png 16w\" sizes=\"(max-width: 1047px) 100vw, 1047px\" src=\"https:\/\/aquaconsult.ee\/wp-content\/uploads\/2022\/05\/KohtlaJa\u0308rve-2016-1.png\" alt=\"\" \/><\/div><\/div><\/div><\/div><\/div><\/div><div class=\"wpb_column vc_column_container vc_col-sm-9 text-left\"><div class=\"vc_column-inner\"><div class=\"wpb_wrapper\"><div class=\"mb-3 text-left\"><div class=\"d-inline-block\" style=\"max-width:500px;\"><h4 class=\"mb-32 pix-sliding-headline font-weight-bold secondary-font\" data-class=\"secondary-font text-gray-8\" data-style=\"\">Kohtla-J\u00e4rve reoveepuhasti laiendamise projekteerimis- ja k\u00e4ivitust\u00f6\u00f6d (339\u202f548\u202fie) 2016-2018<\/h4><\/div><\/div><a  href=\"https:\/\/aquaconsult.ee\/en\/kohta-jarve-reoveepuhasti\/\" class=\"btn mb-2     btn-primary d-inline-block      btn-md\"     ><span class=\"font-weight-bold\" >More..<\/span><\/a><\/div><\/div><\/div><\/div><\/div><\/div><\/div><\/div><\/div><\/div><div class=\"vc_row-full-width vc_clearfix\"><\/div><\/section><div class=\"vc_row-full-width vc_clearfix\"><\/div>","protected":false},"excerpt":{"rendered":"Tehtud t\u00f6\u00f6dV\u00f5ru reoveepuhasti laiendamise projekteerimist\u00f6\u00f6d (27600 \u202fIE) 2020-2021Loe edasiLjubljana reoveepuhasti laiendamise projekteerimine (550\u202f000\u202fie) 2018-2022Loe edasiLjubljana reoveepuhasti j\u00e4relsetitite projekteerimine (550\u202f000\u202fie) 2020-2021Loe edasiP\u00f5lva reoveepuhasti rekonstrueerimise projekteerimine (36\u202f000\u202fie) 2017-2019Loe edasiArke Lihat\u00f6\u00f6stuse reoveepuhasti projekteerimine, 1200 ie 2008-2009, 2013Loe edasiAS Kalev kommivabriku reovee anaeroobsel ja...","protected":false},"author":1,"featured_media":0,"parent":0,"menu_order":0,"comment_status":"closed","ping_status":"closed","template":"","meta":{"footnotes":""},"_links":{"self":[{"href":"https:\/\/aquaconsult.ee\/en\/wp-json\/wp\/v2\/pages\/13971"}],"collection":[{"href":"https:\/\/aquaconsult.ee\/en\/wp-json\/wp\/v2\/pages"}],"about":[{"href":"https:\/\/aquaconsult.ee\/en\/wp-json\/wp\/v2\/types\/page"}],"author":[{"embeddable":true,"href":"https:\/\/aquaconsult.ee\/en\/wp-json\/wp\/v2\/users\/1"}],"replies":[{"embeddable":true,"href":"https:\/\/aquaconsult.ee\/en\/wp-json\/wp\/v2\/comments?post=13971"}],"version-history":[{"count":4,"href":"https:\/\/aquaconsult.ee\/en\/wp-json\/wp\/v2\/pages\/13971\/revisions"}],"predecessor-version":[{"id":13977,"href":"https:\/\/aquaconsult.ee\/en\/wp-json\/wp\/v2\/pages\/13971\/revisions\/13977"}],"wp:attachment":[{"href":"https:\/\/aquaconsult.ee\/en\/wp-json\/wp\/v2\/media?parent=13971"}],"curies":[{"name":"wp","href":"https:\/\/api.w.org\/{rel}","templated":true}]}}