{"id":14007,"date":"2023-02-03T15:18:56","date_gmt":"2023-02-03T15:18:56","guid":{"rendered":"https:\/\/aquaconsult.ee\/?page_id=14007"},"modified":"2025-01-24T11:25:46","modified_gmt":"2025-01-24T11:25:46","slug":"u-23-01","status":"publish","type":"page","link":"https:\/\/aquaconsult.ee\/en\/u-23-01\/","title":{"rendered":"U-23-01"},"content":{"rendered":"<div class=\"vc_row wpb_row vc_row-fluid vc_row_visible\"><div class=\"wpb_column vc_column_container vc_col-sm-12 text-left\"><div class=\"vc_column-inner\"><div class=\"wpb_wrapper\"><div  class=\"text-center\"><div><div class=\"slide-in-container\"><h2 class=\"text-heading-default font-weight-bold el-title_custom_color mb-12\" style=\"\" data-anim-type=\"\" data-anim-delay=\"0\">aqua consult Baltic helps to mitigate and adapt with climate changes in Rwanda<\/h2><\/div><\/div><\/div><\/div><\/div><\/div><\/div><div data-vc-full-width=\"true\" data-vc-full-width-init=\"false\" class=\"vc_row wpb_row vc_row-fluid vc_row_visible vc_custom_1653168563397 vc_row-has-fill vc_row-o-content-middle vc_row-flex\"><div class=\"wpb_column vc_column_container vc_col-sm-6 text-left\"><div class=\"vc_column-inner\"><div class=\"wpb_wrapper\">\n\t<div class=\"wpb_text_column wpb_content_element\" >\n\t\t<div class=\"wpb_wrapper\">\n\t\t\t<p>Wastewater management is one of the main challenges in the developing countries due to growing population and lack of sewerage systems. Besides the effects on the environment and public health, it also has a negative impact on the climate. Rwanda also faces that problem, especially in rural areas. However financial instruments to build sustainable infrastructure are often lacking. \nWithin the framework of the \u201eClimate policy objectives for developing countries \u201c measure aqua consult Baltic is developing an anaerobic wastewater treatment plant for a local boarding school in Bugesera district, Rwanda. The plant is designed to have minimal maintenance and operating costs to ensure the sustainability of the plant.<\/p>\n<p>During the construction of the treatment plant a sewer line and a biogas storage system will be also built. The biogas generated during the anaerobic process will be used for cooking purposes and effluent will be reused for flushing water in the toilets to achieve highest resource efficiency. \nWhen the construction works of the treatment plant is completed, local operators will be thoroughly trained by aqua consult Baltic team members to ensure the long-term performance of the treatment plant.<\/p>\n\n\t\t<\/div>\n\t<\/div>\n<\/div><\/div><\/div><div class=\"wpb_column vc_column_container vc_col-sm-6 text-left\"><div class=\"vc_column-inner  vc_custom_1559101053478\"><div class=\"wpb_wrapper\"><div class=\"d-inline-block\" ><div class=\"text-left d-inline-block  w-100 rounded\"  ><img loading=\"lazy\" decoding=\"async\" class=\"card-img2 pix-img-elem rounded  h-1002\" style=\"height:auto;\" width=\"2192\" height=\"1472\" srcset=\"https:\/\/aquaconsult.ee\/wp-content\/uploads\/2023\/02\/Screenshot-2023-02-02-at-17.38.00.png 2192w, https:\/\/aquaconsult.ee\/wp-content\/uploads\/2023\/02\/Screenshot-2023-02-02-at-17.38.00-300x201.png 300w, https:\/\/aquaconsult.ee\/wp-content\/uploads\/2023\/02\/Screenshot-2023-02-02-at-17.38.00-1024x688.png 1024w, https:\/\/aquaconsult.ee\/wp-content\/uploads\/2023\/02\/Screenshot-2023-02-02-at-17.38.00-768x516.png 768w, https:\/\/aquaconsult.ee\/wp-content\/uploads\/2023\/02\/Screenshot-2023-02-02-at-17.38.00-1536x1031.png 1536w, https:\/\/aquaconsult.ee\/wp-content\/uploads\/2023\/02\/Screenshot-2023-02-02-at-17.38.00-2048x1375.png 2048w, https:\/\/aquaconsult.ee\/wp-content\/uploads\/2023\/02\/Screenshot-2023-02-02-at-17.38.00-18x12.png 18w\" sizes=\"(max-width: 2192px) 100vw, 2192px\" src=\"https:\/\/aquaconsult.ee\/wp-content\/uploads\/2023\/02\/Screenshot-2023-02-02-at-17.38.00.png\" alt=\"\" \/><\/div><\/div>\n\t<div class=\"wpb_text_column wpb_content_element\" >\n\t\t<div class=\"wpb_wrapper\">\n\t\t\t<p style=\"text-align: center;\">Site visit by aqua consult Baltic team members in September 2022<\/p>\n\n\t\t<\/div>\n\t<\/div>\n<\/div><\/div><\/div><\/div><div class=\"vc_row-full-width vc_clearfix\"><\/div><div class=\"vc_row wpb_row vc_row-fluid vc_row_visible\"><div class=\"wpb_column vc_column_container vc_col-sm-12 text-left\"><div class=\"vc_column-inner\"><div class=\"wpb_wrapper\">\n\t<div class=\"wpb_text_column wpb_content_element\" >\n\t\t<div class=\"wpb_wrapper\">\n\t\t\t<p>The project is financed by the Republic of Estonia and lasts until June 2025.  The amount of support is 170 144.00  \u20ac.<\/p>\n<p><strong>  Project partners <\/strong><\/p>\n<ul>\n<li>Alkranel O\u00dc (Estonia)<\/li>\n<li>FEPEAR (Rwanda)<\/li>\n<\/ul>\n\n\t\t<\/div>\n\t<\/div>\n<\/div><\/div><\/div><\/div><div data-vc-full-width=\"true\" data-vc-full-width-init=\"false\" class=\"vc_row wpb_row vc_row-fluid vc_row_visible vc_custom_1653168563397 vc_row-has-fill vc_row-o-content-middle vc_row-flex\"><div class=\"wpb_column vc_column_container vc_col-sm-6 text-left\"><div class=\"vc_column-inner\"><div class=\"wpb_wrapper\"><div class=\"d-inline-block\" ><div class=\"text-left d-inline-block  w-100 rounded\"  ><img loading=\"lazy\" decoding=\"async\" class=\"card-img2 pix-img-elem rounded  h-1002\" style=\"height:auto;\" width=\"592\" height=\"241\" srcset=\"https:\/\/aquaconsult.ee\/wp-content\/uploads\/2023\/02\/KeM.png 592w, https:\/\/aquaconsult.ee\/wp-content\/uploads\/2023\/02\/KeM-300x122.png 300w, https:\/\/aquaconsult.ee\/wp-content\/uploads\/2023\/02\/KeM-18x7.png 18w\" sizes=\"(max-width: 592px) 100vw, 592px\" src=\"https:\/\/aquaconsult.ee\/wp-content\/uploads\/2023\/02\/KeM.png\" alt=\"\" \/><\/div><\/div><\/div><\/div><\/div><div class=\"wpb_column vc_column_container vc_col-sm-6 text-left\"><div class=\"vc_column-inner  vc_custom_1559101053478\"><div class=\"wpb_wrapper\"><div class=\"d-inline-block\" ><div class=\"text-left d-inline-block  w-100 rounded\"  ><img loading=\"lazy\" decoding=\"async\" class=\"card-img2 pix-img-elem rounded  h-1002\" style=\"height:auto;\" width=\"757\" height=\"171\" srcset=\"https:\/\/aquaconsult.ee\/wp-content\/uploads\/2023\/02\/KIK-EN.jpg 867w, https:\/\/aquaconsult.ee\/wp-content\/uploads\/2023\/02\/KIK-EN-300x67.jpg 300w, https:\/\/aquaconsult.ee\/wp-content\/uploads\/2023\/02\/KIK-EN-768x173.jpg 768w, https:\/\/aquaconsult.ee\/wp-content\/uploads\/2023\/02\/KIK-EN-18x4.jpg 18w\" sizes=\"(max-width: 757px) 100vw, 757px\" src=\"https:\/\/aquaconsult.ee\/wp-content\/uploads\/2023\/02\/KIK-EN.jpg\" alt=\"\" \/><\/div><\/div><\/div><\/div><\/div><\/div><div class=\"vc_row-full-width vc_clearfix\"><\/div>","protected":false},"excerpt":{"rendered":"O\u00dc aqua consult Baltic aitab Rwandas leevendada kliimamuutusi ja kohaneda nende m\u00f5judega Reoveek\u00e4itlus on \u00fcks peamisi v\u00e4ljakutseid, millega arenguriigid \u00fcha kasvava rahvastiku ja kanalisatsioonitrasside puudumise t\u00f5ttu silmitsi seisavad. Puudulik k\u00e4itlustehnoloogia omab negatiivset m\u00f5ju nii keskkonnale kui kliimale. Ka Rwandas on...","protected":false},"author":4,"featured_media":0,"parent":0,"menu_order":0,"comment_status":"closed","ping_status":"closed","template":"","meta":{"footnotes":""},"_links":{"self":[{"href":"https:\/\/aquaconsult.ee\/en\/wp-json\/wp\/v2\/pages\/14007"}],"collection":[{"href":"https:\/\/aquaconsult.ee\/en\/wp-json\/wp\/v2\/pages"}],"about":[{"href":"https:\/\/aquaconsult.ee\/en\/wp-json\/wp\/v2\/types\/page"}],"author":[{"embeddable":true,"href":"https:\/\/aquaconsult.ee\/en\/wp-json\/wp\/v2\/users\/4"}],"replies":[{"embeddable":true,"href":"https:\/\/aquaconsult.ee\/en\/wp-json\/wp\/v2\/comments?post=14007"}],"version-history":[{"count":9,"href":"https:\/\/aquaconsult.ee\/en\/wp-json\/wp\/v2\/pages\/14007\/revisions"}],"predecessor-version":[{"id":14122,"href":"https:\/\/aquaconsult.ee\/en\/wp-json\/wp\/v2\/pages\/14007\/revisions\/14122"}],"wp:attachment":[{"href":"https:\/\/aquaconsult.ee\/en\/wp-json\/wp\/v2\/media?parent=14007"}],"curies":[{"name":"wp","href":"https:\/\/api.w.org\/{rel}","templated":true}]}}