{"id":14068,"date":"2023-10-11T15:31:57","date_gmt":"2023-10-11T15:31:57","guid":{"rendered":"https:\/\/aquaconsult.ee\/?page_id=14068"},"modified":"2023-10-11T15:41:02","modified_gmt":"2023-10-11T15:41:02","slug":"u-23-02","status":"publish","type":"page","link":"https:\/\/aquaconsult.ee\/en\/u-23-02\/","title":{"rendered":"U-23-02"},"content":{"rendered":"<div class=\"vc_row wpb_row vc_row-fluid vc_row_visible\"><div class=\"wpb_column vc_column_container vc_col-sm-12 text-left\"><div class=\"vc_column-inner\"><div class=\"wpb_wrapper\"><div  class=\"text-center\"><div><div class=\"slide-in-container\"><h3 class=\"text-heading-default font-weight-bold el-title_custom_color mb-12\" style=\"\" data-anim-type=\"\" data-anim-delay=\"0\">Memorandum of Understanding with Uzbek Water Company Uzsuvtaminot<\/h3><\/div><\/div><\/div><div  class=\"text-center\"><div><div class=\"slide-in-container\"><h3 class=\"text-heading-default font-weight-bold el-title_custom_color mb-12\" style=\"\" data-anim-type=\"\" data-anim-delay=\"0\">  <\/h3><\/div><\/div><\/div><\/div><\/div><\/div><\/div><div class=\"vc_row wpb_row vc_row-fluid vc_row_visible\"><div class=\"wpb_column vc_column_container vc_col-sm-6 text-left\"><div class=\"vc_column-inner\"><div class=\"wpb_wrapper\">\n\t<div class=\"wpb_text_column wpb_content_element\" >\n\t\t<div class=\"wpb_wrapper\">\n\t\t\t<p>&nbsp;<\/p>\n<p><strong>  On May 2, 2023, in Berlin, O\u00dc Aqua Consult Baltic signed a Memorandum of Understanding with Uzsuvtaminot during the German-Uzbek Business Forum.<\/strong><span data-ccp-props=\"{&quot;201341983&quot;:0,&quot;335559739&quot;:0,&quot;335559740&quot;:240}\"><br \/>\n<\/span><\/p>\n<p>We pledge to do everything within our capability to export wastewater treatment expertise and skills from Germany and Estonia. Our aim is to ensure that Uzbekistan benefits from the best possible technology. Suitable for a website.<\/p>\n\n\t\t<\/div>\n\t<\/div>\n<\/div><\/div><\/div><div class=\"wpb_column vc_column_container vc_col-sm-6 text-left\"><div class=\"vc_column-inner\"><div class=\"wpb_wrapper\"><div class=\"d-inline-block\" ><div class=\"text-left d-inline-block  w-100 rounded-0\"  ><img loading=\"lazy\" decoding=\"async\" class=\"card-img2 pix-img-elem rounded-0  h-1002\" style=\"height:auto;\" width=\"1018\" height=\"1434\" srcset=\"https:\/\/aquaconsult.ee\/wp-content\/uploads\/2023\/10\/Screenshot-2023-10-11-at-18.03.25.png 1018w, https:\/\/aquaconsult.ee\/wp-content\/uploads\/2023\/10\/Screenshot-2023-10-11-at-18.03.25-213x300.png 213w, https:\/\/aquaconsult.ee\/wp-content\/uploads\/2023\/10\/Screenshot-2023-10-11-at-18.03.25-727x1024.png 727w, https:\/\/aquaconsult.ee\/wp-content\/uploads\/2023\/10\/Screenshot-2023-10-11-at-18.03.25-768x1082.png 768w, https:\/\/aquaconsult.ee\/wp-content\/uploads\/2023\/10\/Screenshot-2023-10-11-at-18.03.25-9x12.png 9w\" sizes=\"(max-width: 1018px) 100vw, 1018px\" src=\"https:\/\/aquaconsult.ee\/wp-content\/uploads\/2023\/10\/Screenshot-2023-10-11-at-18.03.25.png\" alt=\"\" \/><\/div><\/div><\/div><\/div><\/div><\/div>","protected":false},"excerpt":{"rendered":"\u00dchiste kavatsuste memorandum Uzbekistani vee-ettev\u00f5ttega Uzsuvtaminot &nbsp; O\u00dc aqua consult Baltic s\u00f5lmis 2. mail 2023 Berliinis Saksa-Uzbekistani \u00e4rifoorumil \u00fchiste kavatsuste memorandumi Uzsuvtaminot Omalt poolt lubame teha k\u00f5ik selleks, et Saksamaa ja ka Eesti reoveepuhastuse teadmised ja oskused leviksid ka Euroopast...","protected":false},"author":4,"featured_media":0,"parent":0,"menu_order":0,"comment_status":"closed","ping_status":"closed","template":"","meta":{"footnotes":""},"_links":{"self":[{"href":"https:\/\/aquaconsult.ee\/en\/wp-json\/wp\/v2\/pages\/14068"}],"collection":[{"href":"https:\/\/aquaconsult.ee\/en\/wp-json\/wp\/v2\/pages"}],"about":[{"href":"https:\/\/aquaconsult.ee\/en\/wp-json\/wp\/v2\/types\/page"}],"author":[{"embeddable":true,"href":"https:\/\/aquaconsult.ee\/en\/wp-json\/wp\/v2\/users\/4"}],"replies":[{"embeddable":true,"href":"https:\/\/aquaconsult.ee\/en\/wp-json\/wp\/v2\/comments?post=14068"}],"version-history":[{"count":7,"href":"https:\/\/aquaconsult.ee\/en\/wp-json\/wp\/v2\/pages\/14068\/revisions"}],"predecessor-version":[{"id":14075,"href":"https:\/\/aquaconsult.ee\/en\/wp-json\/wp\/v2\/pages\/14068\/revisions\/14075"}],"wp:attachment":[{"href":"https:\/\/aquaconsult.ee\/en\/wp-json\/wp\/v2\/media?parent=14068"}],"curies":[{"name":"wp","href":"https:\/\/api.w.org\/{rel}","templated":true}]}}